{"id":7383,"date":"2023-10-11T20:33:55","date_gmt":"2023-10-11T23:33:55","guid":{"rendered":"https:\/\/mapasturon.com.br\/site\/?page_id=7383"},"modified":"2023-10-27T16:26:23","modified_gmt":"2023-10-27T19:26:23","slug":"expedicao-mata-atlantica","status":"publish","type":"page","link":"https:\/\/mapasturon.com.br\/site\/expedicao-mata-atlantica\/","title":{"rendered":"Expedi\u00e7\u00e3o Mata Atl\u00e2ntica"},"content":{"rendered":"<div style='padding-bottom:0px;font-size:40px;' class='av-special-heading av-special-heading-h1  blockquote modern-quote modern-centered   av-inherit-size  av-desktop-hide av-medium-hide av-small-hide av-mini-hide'><h1 class='av-special-heading-tag '  itemprop=\"headline\"  >Expedi\u00e7\u00e3o Mata Atl\u00e2ntica<\/h1><div class ='av-subheading av-subheading_below  ' style='font-size:15px;'><p>Conhe\u00e7a as rotas da Expedi\u00e7\u00e3o Mata Atl\u00e2ntica<\/p>\n<\/div><div class='special-heading-border'><div class='special-heading-inner-border' ><\/div><\/div><\/div>\n<div  class='hr hr-default  av-desktop-hide av-medium-hide av-small-hide av-mini-hide '><span class='hr-inner ' ><span class='hr-inner-style'><\/span><\/span><\/div>\n<div class=\"flex_column av_one_full  flex_column_div av-zero-column-padding first  \" style='border-radius:0px; '><p><section class=\"avia_codeblock_section  avia_code_block_0\"  itemscope=\"itemscope\" itemtype=\"https:\/\/schema.org\/CreativeWork\" ><div class='avia_codeblock '  itemprop=\"text\" > [avia_codeblock_placeholder uid=\"0\"] <\/div><\/section><br \/>\n<div class='avia-image-container  av-styling-     avia-align-center '  itemprop=\"ImageObject\" itemscope=\"itemscope\" itemtype=\"https:\/\/schema.org\/ImageObject\"  ><div class='avia-image-container-inner'><img class='avia_image ' src='https:\/\/mapasturon.com.br\/site\/wp-content\/uploads\/2023\/10\/apoiadores1.jpg' alt='' title='apoiadores1'   itemprop=\"thumbnailUrl\"  \/><\/div><\/div><br \/>\n<div  data-size='no scaling'  data-lightbox_size='large'  data-animation='slide'  data-ids='7407,7406,7405'  data-video_counter='0'  data-autoplay='true'  data-bg_slider='false'  data-slide_height=''  data-handle='av_slideshow'  data-interval='5'  data-class='  '  data-css_id=''  data-scroll_down=''  data-control_layout='av-control-default'  data-custom_markup=''  data-perma_caption=''  data-autoplay_stopper=''  data-image_attachment=''  data-min_height='0px'  class='avia-slideshow avia-slideshow-1  av-control-default av-default-height-applied avia-slideshow-no scaling av_slideshow    avia-slide-slider '  itemprop=\"ImageObject\" itemscope=\"itemscope\" itemtype=\"https:\/\/schema.org\/ImageObject\" ><ul class='avia-slideshow-inner' style='padding-bottom: 56.296296296296%;'><li  class=' slide-1 ' ><div data-rel='slideshow-1' class='avia-slide-wrap'  ><img src='https:\/\/mapasturon.com.br\/site\/wp-content\/uploads\/2023\/10\/mapasturisticosonline4.jpg' width='1080' height='608' title='mapasturisticosonline4' alt=''  itemprop=\"thumbnailUrl\"   \/><\/div><\/li><li  class=' slide-2 ' ><div data-rel='slideshow-1' class='avia-slide-wrap'  ><img src='https:\/\/mapasturon.com.br\/site\/wp-content\/uploads\/2023\/10\/mapasturisticosonline3.jpg' width='1080' height='608' title='mapasturisticosonline3' alt=''  itemprop=\"thumbnailUrl\"   \/><\/div><\/li><li  class=' slide-3 ' ><div data-rel='slideshow-1' class='avia-slide-wrap'  ><img src='https:\/\/mapasturon.com.br\/site\/wp-content\/uploads\/2023\/10\/mapasturisticosonline2.jpg' width='1080' height='608' title='mapasturisticosonline2' alt=''  itemprop=\"thumbnailUrl\"   \/><\/div><\/li><\/ul><div class='avia-slideshow-arrows avia-slideshow-controls'><a href='#prev' class='prev-slide' aria-hidden='true' data-av_icon='\ue87c' data-av_iconfont='entypo-fontello'>Anterior<\/a><a href='#next' class='next-slide' aria-hidden='true' data-av_icon='\ue87d' data-av_iconfont='entypo-fontello'>Pr\u00f3ximo<\/a><\/div><div class='avia-slideshow-dots avia-slideshow-controls'><a href='#1' class='goto-slide active' >1<\/a><a href='#2' class='goto-slide ' >2<\/a><a href='#3' class='goto-slide ' >3<\/a><\/div><\/div><\/p><\/div>\n","protected":false},"excerpt":{"rendered":"","protected":false},"author":1,"featured_media":0,"parent":0,"menu_order":0,"comment_status":"closed","ping_status":"closed","template":"","meta":{"footnotes":""},"class_list":["post-7383","page","type-page","status-publish","hentry"],"_links":{"self":[{"href":"https:\/\/mapasturon.com.br\/site\/wp-json\/wp\/v2\/pages\/7383","targetHints":{"allow":["GET"]}}],"collection":[{"href":"https:\/\/mapasturon.com.br\/site\/wp-json\/wp\/v2\/pages"}],"about":[{"href":"https:\/\/mapasturon.com.br\/site\/wp-json\/wp\/v2\/types\/page"}],"author":[{"embeddable":true,"href":"https:\/\/mapasturon.com.br\/site\/wp-json\/wp\/v2\/users\/1"}],"replies":[{"embeddable":true,"href":"https:\/\/mapasturon.com.br\/site\/wp-json\/wp\/v2\/comments?post=7383"}],"version-history":[{"count":7,"href":"https:\/\/mapasturon.com.br\/site\/wp-json\/wp\/v2\/pages\/7383\/revisions"}],"predecessor-version":[{"id":7565,"href":"https:\/\/mapasturon.com.br\/site\/wp-json\/wp\/v2\/pages\/7383\/revisions\/7565"}],"wp:attachment":[{"href":"https:\/\/mapasturon.com.br\/site\/wp-json\/wp\/v2\/media?parent=7383"}],"curies":[{"name":"wp","href":"https:\/\/api.w.org\/{rel}","templated":true}]}}