{"id":7269,"date":"2023-09-19T14:29:01","date_gmt":"2023-09-19T17:29:01","guid":{"rendered":"https:\/\/mapasturon.com.br\/site\/?page_id=7269"},"modified":"2023-10-10T00:52:05","modified_gmt":"2023-10-10T03:52:05","slug":"cidade-de-sao-paulo","status":"publish","type":"page","link":"https:\/\/mapasturon.com.br\/site\/cidade-de-sao-paulo\/","title":{"rendered":"Cidade de S\u00e3o Paulo"},"content":{"rendered":"<div class=\"flex_column av_one_full  flex_column_div first   \" style='padding:0px 0 0px 0 ; border-radius:0px; '><p><section class=\"avia_codeblock_section  avia_code_block_0\"  itemscope=\"itemscope\" itemtype=\"https:\/\/schema.org\/CreativeWork\" ><div class='avia_codeblock '  itemprop=\"text\" > [avia_codeblock_placeholder uid=\"0\"] <\/div><\/section><br \/>\n<div style=' margin-top:10px; margin-bottom:0px;'  class='hr hr-custom hr-center hr-icon-no   '><span class='hr-inner   inner-border-av-border-none' style=' width:50px;' ><span class='hr-inner-style'><\/span><\/span><\/div><br \/>\n<section class=\"av_textblock_section \"  itemscope=\"itemscope\" itemtype=\"https:\/\/schema.org\/CreativeWork\" ><div class='avia_textblock  '   itemprop=\"text\" ><div class=\"hotspot-container\" data-slideshow=\"false\" data-slideshowdelay=\"5000\" data-autohide=\"false\" data-autohidedelay=\"1000\" data-loop=\"true\" data-triggerby=\"mouseover\" data-sticky=\"\" data-clickimageclose=\"true\" data-dropinease=\"true\" data-displayvideo=\"false\" data-customicon=\"http:\/\/mapasturon.com.br\/site\/wp-content\/uploads\/2018\/05\/2424.png\"><div class=\"popover top\" data-easein=\"cardInTop\" data-easeout=\"cardOutTop\" data-width=\"\" data-top=\"513\" data-left=\"1339\" data-direction=\"top\" style=\"display:none\" data-style=\"\">\n\t\t\t\t\t\t    <div class=\"cq-arrow\"><\/div>\n\t\t\t\t\t\t    <div class=\"popover-inner\"><h4 class=\"popover-title\">Catedral da S\u00e9<\/h4><div class=\"popover-content\">\n\t\t\t\t\t\t        <p><a href=\"https:\/\/mapasturon.com.br\/site\/ponto-turistico\/catedral-da-se\/\"><img loading=\"lazy\" decoding=\"async\" class=\"alignnone wp-image-4190 size-thumbnail\" src=\"https:\/\/mapasturon.com.br\/site\/wp-content\/uploads\/2023\/10\/Cathedral-Metropolitana-da-Se-foto-andrestefano.jpg\" alt=\"\" width=\"250\" height=\"167\" \/><\/a><\/p>\n\t\t\t\t\t\t      <\/div>\n\t\t\t\t\t\t    <\/div>\n\t\t\t\t\t\t  <\/div><a href=\"#\" class=\"info-icon cq-hotspot-custom-icon\" data-top=\"513\" data-left=\"1339\" data-link=\"\" data-target=\"_self\" style=\"display:none;top:-1000px;\"><span class=\"cq-hotspot-label\" style=\"\"><\/span><\/a><div class=\"popover top\" data-easein=\"cardInTop\" data-easeout=\"cardOutTop\" data-width=\"\" data-top=\"419\" data-left=\"862\" data-direction=\"top\" style=\"display:none\" data-style=\"\">\n\t\t\t\t\t\t    <div class=\"cq-arrow\"><\/div>\n\t\t\t\t\t\t    <div class=\"popover-inner\"><h4 class=\"popover-title\">Ipiranga com a Avenida S\u00e3o Jo\u00e3o<\/h4><div class=\"popover-content\">\n\t\t\t\t\t\t        <p><a href=\"https:\/\/mapasturon.com.br\/site\/ponto-turistico\/ipiranga-com-a-avenida-sao-joao\/\"><img loading=\"lazy\" decoding=\"async\" class=\"alignnone wp-image-4190 size-thumbnail\" src=\"https:\/\/mapasturon.com.br\/site\/wp-content\/uploads\/2023\/10\/Av.-Sao-Joao-com-Av.-Ipiranga-foto-camilocoutinho.p.jpg\" alt=\"\" width=\"250\" height=\"167\" \/><\/a><\/p>\n\t\t\t\t\t\t      <\/div>\n\t\t\t\t\t\t    <\/div>\n\t\t\t\t\t\t  <\/div><a href=\"#\" class=\"info-icon cq-hotspot-custom-icon\" data-top=\"419\" data-left=\"862\" data-link=\"\" data-target=\"_self\" style=\"display:none;top:-1000px;\"><span class=\"cq-hotspot-label\" style=\"\"><\/span><\/a><div class=\"popover top\" data-easein=\"cardInTop\" data-easeout=\"cardOutTop\" data-width=\"\" data-top=\"272\" data-left=\"1135\" data-direction=\"top\" style=\"display:none\" data-style=\"\">\n\t\t\t\t\t\t    <div class=\"cq-arrow\"><\/div>\n\t\t\t\t\t\t    <div class=\"popover-inner\"><h4 class=\"popover-title\">Pinacoteca<\/h4><div class=\"popover-content\">\n\t\t\t\t\t\t        <p><a href=\" https:\/\/mapasturon.com.br\/site\/ponto-turistico\/pinacoteca\/ \"><img loading=\"lazy\" decoding=\"async\" class=\"alignnone wp-image-4190 size-thumbnail\" src=\"https:\/\/mapasturon.com.br\/site\/wp-content\/uploads\/2023\/10\/Pinacoteca-foto-andrestefano-1.jpg\" alt=\"\" width=\"250\" height=\"167\" \/><\/a><\/p>\n\t\t\t\t\t\t      <\/div>\n\t\t\t\t\t\t    <\/div>\n\t\t\t\t\t\t  <\/div><a href=\"#\" class=\"info-icon cq-hotspot-custom-icon\" data-top=\"272\" data-left=\"1135\" data-link=\"\" data-target=\"_self\" style=\"display:none;top:-1000px;\"><span class=\"cq-hotspot-label\" style=\"\"><\/span><\/a><img decoding=\"async\" src=\"https:\/\/mapasturon.com.br\/site\/wp-content\/uploads\/2023\/10\/cidade-sao-paulo-centro.jpg\" class=\"popover-image\"  \/><\/div>\n<\/div><\/section><\/p><\/div>\n<\/div><\/div><\/div><!-- close content main div --><\/div><\/div><div id='av_section_1' class='avia-section main_color avia-section-default avia-no-shadow avia-bg-style-scroll   container_wrap fullsize'   ><div class='container' ><div class='template-page content  av-content-full alpha units'><div class='post-entry post-entry-type-page post-entry-7269'><div class='entry-content-wrapper clearfix'>\n<div style='padding-bottom:0px;font-size:60px;' class='av-special-heading av-special-heading-h1  blockquote modern-quote modern-centered   av-inherit-size '><h1 class='av-special-heading-tag '  itemprop=\"headline\"  >Mais Turismo em S\u00e3o Paulo<\/h1><div class ='av-subheading av-subheading_below  ' style='font-size:25px;'><p>Conhe\u00e7a a Cidade de S\u00e3o Paulo e seus pontos tur\u00edsticos.<\/p>\n<\/div><div class='special-heading-border'><div class='special-heading-inner-border' ><\/div><\/div><\/div>\n<div  class='hr hr-default  '><span class='hr-inner ' ><span class='hr-inner-style'><\/span><\/span><\/div>\n<div class=\"flex_column av_one_third  flex_column_div av-zero-column-padding first  \" style='border-radius:0px; '><div class='avia-image-container avia_animated_image avia_animate_when_almost_visible top-to-bottom av-styling-circle av-hover-grow    avia-align-center '  itemprop=\"ImageObject\" itemscope=\"itemscope\" itemtype=\"https:\/\/schema.org\/ImageObject\"  ><div class='avia-image-container-inner'><img class='avia_image ' src='https:\/\/mapasturon.com.br\/site\/wp-content\/uploads\/2023\/10\/10.png' alt='' title='10'   itemprop=\"thumbnailUrl\"  \/><\/div><\/div><\/div><div class=\"flex_column av_one_third  av-animated-generic bottom-to-top  flex_column_div av-zero-column-padding    \" style='border-radius:0px; '><div class='avia-image-container avia_animated_image avia_animate_when_almost_visible bottom-to-top av-styling-circle av-hover-grow    avia-align-center '  itemprop=\"ImageObject\" itemscope=\"itemscope\" itemtype=\"https:\/\/schema.org\/ImageObject\"  ><div class='avia-image-container-inner'><img class='avia_image ' src='https:\/\/mapasturon.com.br\/site\/wp-content\/uploads\/2023\/10\/12.png' alt='' title='12'   itemprop=\"thumbnailUrl\"  \/><\/div><\/div><\/div><div class=\"flex_column av_one_third  flex_column_div av-zero-column-padding   \" style='border-radius:0px; '><div class='avia-image-container avia_animated_image avia_animate_when_almost_visible top-to-bottom av-styling-circle av-hover-grow    avia-align-center '  itemprop=\"ImageObject\" itemscope=\"itemscope\" itemtype=\"https:\/\/schema.org\/ImageObject\"  ><div class='avia-image-container-inner'><img class='avia_image ' src='https:\/\/mapasturon.com.br\/site\/wp-content\/uploads\/2023\/10\/13.png' alt='' title='13'   itemprop=\"thumbnailUrl\"  \/><\/div><\/div><\/div>\n\n","protected":false},"excerpt":{"rendered":"","protected":false},"author":1,"featured_media":7281,"parent":0,"menu_order":0,"comment_status":"closed","ping_status":"closed","template":"","meta":{"footnotes":""},"class_list":["post-7269","page","type-page","status-publish","has-post-thumbnail","hentry"],"_links":{"self":[{"href":"https:\/\/mapasturon.com.br\/site\/wp-json\/wp\/v2\/pages\/7269","targetHints":{"allow":["GET"]}}],"collection":[{"href":"https:\/\/mapasturon.com.br\/site\/wp-json\/wp\/v2\/pages"}],"about":[{"href":"https:\/\/mapasturon.com.br\/site\/wp-json\/wp\/v2\/types\/page"}],"author":[{"embeddable":true,"href":"https:\/\/mapasturon.com.br\/site\/wp-json\/wp\/v2\/users\/1"}],"replies":[{"embeddable":true,"href":"https:\/\/mapasturon.com.br\/site\/wp-json\/wp\/v2\/comments?post=7269"}],"version-history":[{"count":22,"href":"https:\/\/mapasturon.com.br\/site\/wp-json\/wp\/v2\/pages\/7269\/revisions"}],"predecessor-version":[{"id":7382,"href":"https:\/\/mapasturon.com.br\/site\/wp-json\/wp\/v2\/pages\/7269\/revisions\/7382"}],"wp:featuredmedia":[{"embeddable":true,"href":"https:\/\/mapasturon.com.br\/site\/wp-json\/wp\/v2\/media\/7281"}],"wp:attachment":[{"href":"https:\/\/mapasturon.com.br\/site\/wp-json\/wp\/v2\/media?parent=7269"}],"curies":[{"name":"wp","href":"https:\/\/api.w.org\/{rel}","templated":true}]}}