{"id":6302,"date":"2021-08-28T18:44:13","date_gmt":"2021-08-28T21:44:13","guid":{"rendered":"http:\/\/mapasturon.com.br\/home\/?page_id=6302"},"modified":"2021-08-29T16:11:35","modified_gmt":"2021-08-29T19:11:35","slug":"cachoeira-e-descalvado","status":"publish","type":"page","link":"https:\/\/mapasturon.com.br\/site\/cachoeira-e-descalvado\/","title":{"rendered":"Cachoeira e Descalvado"},"content":{"rendered":"<div style='padding-bottom:0px;font-size:40px;' class='av-special-heading av-special-heading-h1  blockquote modern-quote modern-centered  av-inherit-size '><h1 class='av-special-heading-tag '  itemprop=\"headline\"  >Das Cachoeiras \/ Descalvado Ibi\u00fana &#8211; SP<\/h1><div class ='av-subheading av-subheading_below  ' style='font-size:15px;'><p>Conhe\u00e7a as rotas cicl\u00edsticas de Ibi\u00fana.<\/p>\n<\/div><div class='special-heading-border'><div class='special-heading-inner-border' ><\/div><\/div><\/div>\n<div  class='hr hr-default  '><span class='hr-inner ' ><span class='hr-inner-style'><\/span><\/span><\/div>\n<div class=\"flex_column av_one_full  flex_column_div av-zero-column-padding first  \" style='border-radius:0px; '><p><section class=\"avia_codeblock_section  avia_code_block_0\"  itemscope=\"itemscope\" itemtype=\"https:\/\/schema.org\/CreativeWork\" ><div class='avia_codeblock '  itemprop=\"text\" > [avia_codeblock_placeholder uid=\"0\"] <\/div><\/section><br \/>\n<div class='avia-gallery  avia-gallery-1 avia_lazyload avia_animate_when_visible '  itemprop=\"ImageObject\" itemscope=\"itemscope\" itemtype=\"https:\/\/schema.org\/ImageObject\" ><div class='avia-gallery-thumb'> <a href='https:\/\/mapasturon.com.br\/site\/wp-content\/uploads\/2021\/08\/2014-07-05-16.19-1030x618.jpg' data-rel='gallery-1' data-prev-img='https:\/\/mapasturon.com.br\/site\/wp-content\/uploads\/2021\/08\/2014-07-05-16.19-495x400.jpg' class='first_thumb lightbox ' data-onclick='1' title=''  itemprop=\"thumbnailUrl\" ><img  src='https:\/\/mapasturon.com.br\/site\/wp-content\/uploads\/2021\/08\/2014-07-05-16.19-495x400.jpg' width='495' height='400'  title='2014-07-05-16.19' alt='' \/><\/a> <a href='https:\/\/mapasturon.com.br\/site\/wp-content\/uploads\/2021\/08\/2014-07-05-16.21-1030x618.jpg' data-rel='gallery-1' data-prev-img='https:\/\/mapasturon.com.br\/site\/wp-content\/uploads\/2021\/08\/2014-07-05-16.21-495x400.jpg' class='lightbox ' data-onclick='2' title=''  itemprop=\"thumbnailUrl\" ><img  src='https:\/\/mapasturon.com.br\/site\/wp-content\/uploads\/2021\/08\/2014-07-05-16.21-495x400.jpg' width='495' height='400'  title='2014-07-05-16.21' alt='' \/><\/a> <a href='https:\/\/mapasturon.com.br\/site\/wp-content\/uploads\/2021\/08\/descalvado-1030x580.jpg' data-rel='gallery-1' data-prev-img='https:\/\/mapasturon.com.br\/site\/wp-content\/uploads\/2021\/08\/descalvado-495x400.jpg' class='lightbox ' data-onclick='3' title=''  itemprop=\"thumbnailUrl\" ><img  src='https:\/\/mapasturon.com.br\/site\/wp-content\/uploads\/2021\/08\/descalvado-495x400.jpg' width='495' height='400'  title='descalvado' alt='' \/><\/a> <a href='https:\/\/mapasturon.com.br\/site\/wp-content\/uploads\/2021\/08\/P_20190331_091546-1030x773.jpg' data-rel='gallery-1' data-prev-img='https:\/\/mapasturon.com.br\/site\/wp-content\/uploads\/2021\/08\/P_20190331_091546-495x400.jpg' class='lightbox ' data-onclick='4' title=''  itemprop=\"thumbnailUrl\" ><img  src='https:\/\/mapasturon.com.br\/site\/wp-content\/uploads\/2021\/08\/P_20190331_091546-495x400.jpg' width='495' height='400'  title='P_20190331_091546' alt='' \/><\/a> <a href='https:\/\/mapasturon.com.br\/site\/wp-content\/uploads\/2021\/08\/P_20190331_094236-1030x773.jpg' data-rel='gallery-1' data-prev-img='https:\/\/mapasturon.com.br\/site\/wp-content\/uploads\/2021\/08\/P_20190331_094236-495x400.jpg' class='lightbox ' data-onclick='5' title=''  itemprop=\"thumbnailUrl\" ><img  src='https:\/\/mapasturon.com.br\/site\/wp-content\/uploads\/2021\/08\/P_20190331_094236-495x400.jpg' width='495' height='400'  title='P_20190331_094236' alt='' \/><\/a> <a href='https:\/\/mapasturon.com.br\/site\/wp-content\/uploads\/2021\/08\/P_20190427_164012-1030x773.jpg' data-rel='gallery-1' data-prev-img='https:\/\/mapasturon.com.br\/site\/wp-content\/uploads\/2021\/08\/P_20190427_164012-495x400.jpg' class='first_thumb lightbox ' data-onclick='6' title=''  itemprop=\"thumbnailUrl\" ><img  src='https:\/\/mapasturon.com.br\/site\/wp-content\/uploads\/2021\/08\/P_20190427_164012-495x400.jpg' width='495' height='400'  title='P_20190427_164012' alt='' \/><\/a> <a href='https:\/\/mapasturon.com.br\/site\/wp-content\/uploads\/2021\/08\/P_20190427_164431-1030x773.jpg' data-rel='gallery-1' data-prev-img='https:\/\/mapasturon.com.br\/site\/wp-content\/uploads\/2021\/08\/P_20190427_164431-495x400.jpg' class='lightbox ' data-onclick='7' title=''  itemprop=\"thumbnailUrl\" ><img  src='https:\/\/mapasturon.com.br\/site\/wp-content\/uploads\/2021\/08\/P_20190427_164431-495x400.jpg' width='495' height='400'  title='P_20190427_164431' alt='' \/><\/a> <a href='https:\/\/mapasturon.com.br\/site\/wp-content\/uploads\/2021\/08\/P_20191020_100837-1030x580.jpg' data-rel='gallery-1' data-prev-img='https:\/\/mapasturon.com.br\/site\/wp-content\/uploads\/2021\/08\/P_20191020_100837-495x400.jpg' class='lightbox ' data-onclick='8' title=''  itemprop=\"thumbnailUrl\" ><img  src='https:\/\/mapasturon.com.br\/site\/wp-content\/uploads\/2021\/08\/P_20191020_100837-495x400.jpg' width='495' height='400'  title='P_20191020_100837' alt='' \/><\/a> <a href='https:\/\/mapasturon.com.br\/site\/wp-content\/uploads\/2021\/08\/P_20200216_083124-579x1030.jpg' data-rel='gallery-1' data-prev-img='https:\/\/mapasturon.com.br\/site\/wp-content\/uploads\/2021\/08\/P_20200216_083124-495x400.jpg' class='lightbox ' data-onclick='9' title=''  itemprop=\"thumbnailUrl\" ><img  src='https:\/\/mapasturon.com.br\/site\/wp-content\/uploads\/2021\/08\/P_20200216_083124-495x400.jpg' width='495' height='400'  title='P_20200216_083124' alt='' \/><\/a> <a href='https:\/\/mapasturon.com.br\/site\/wp-content\/uploads\/2021\/08\/P_20210323_161707_1-1030x1009.jpg' data-rel='gallery-1' data-prev-img='https:\/\/mapasturon.com.br\/site\/wp-content\/uploads\/2021\/08\/P_20210323_161707_1-495x400.jpg' class='lightbox ' data-onclick='10' title=''  itemprop=\"thumbnailUrl\" ><img  src='https:\/\/mapasturon.com.br\/site\/wp-content\/uploads\/2021\/08\/P_20210323_161707_1-495x400.jpg' width='495' height='400'  title='P_20210323_161707_1' alt='' \/><\/a><\/div><\/div><br \/>\n<section class=\"av_textblock_section \"  itemscope=\"itemscope\" itemtype=\"https:\/\/schema.org\/CreativeWork\" ><div class='avia_textblock  '   itemprop=\"text\" ><h1 style=\"text-align: center;\"><span style=\"font-family: Arial, sans-serif;\"><span style=\"font-size: medium;\"><span style=\"color: #222222;\"><b>Rota das Cachoeiras \/ Descalvado\u00a0<\/b><\/span><\/span><\/span><\/h1>\n<p class=\"western\" style=\"text-align: justify;\"><span style=\"font-family: Arial, sans-serif;\"><span style=\"font-size: medium;\"><span style=\"color: #222222;\"><img loading=\"lazy\" decoding=\"async\" class=\"size-medium wp-image-6415 alignleft\" src=\"http:\/\/mapasturon.com.br\/site\/wp-content\/uploads\/2021\/08\/ibiunamtb-291x300.jpg\" alt=\"\" width=\"291\" height=\"300\" srcset=\"https:\/\/mapasturon.com.br\/site\/wp-content\/uploads\/2021\/08\/ibiunamtb-291x300.jpg 291w, https:\/\/mapasturon.com.br\/site\/wp-content\/uploads\/2021\/08\/ibiunamtb-77x80.jpg 77w, https:\/\/mapasturon.com.br\/site\/wp-content\/uploads\/2021\/08\/ibiunamtb-36x36.jpg 36w, https:\/\/mapasturon.com.br\/site\/wp-content\/uploads\/2021\/08\/ibiunamtb-145x150.jpg 145w, https:\/\/mapasturon.com.br\/site\/wp-content\/uploads\/2021\/08\/ibiunamtb-116x120.jpg 116w, https:\/\/mapasturon.com.br\/site\/wp-content\/uploads\/2021\/08\/ibiunamtb.jpg 340w\" sizes=\"auto, (max-width: 291px) 100vw, 291px\" \/>Essa rota \u00e9 considerada pelos ciclistas como a mais bonita da\u00a0regi\u00e3o\u00a0pelo fato de ter um visual deslumbrante com muito verde, cachoeiras e pedras.\u00a0<\/span><\/span><\/span><\/p>\n<p class=\"western\" style=\"text-align: justify;\"><span style=\"font-family: Arial, sans-serif;\"><span style=\"font-size: medium;\"><span style=\"color: #222222;\">Nesse roteiro contamos com muitos atrativos e parceiros, as duas primeiras cachoeiras s\u00e3o\u00a0particular\u00a0e cobram uma pequena taxa de manuten\u00e7\u00e3o e no km 32, chegamos na portaria do Parque Estadual do Jurupar\u00e1 para ter acesso ao pico do Descalvado, a altitude chega<\/span><span style=\"color: #333333;\">\u00a0<\/span><span style=\"color: #333333;\">a 1116 metros em rela\u00e7\u00e3o ao n\u00edvel do mar, de onde se tem uma vista de 360\u00ba de toda a regi\u00e3o.<\/span><\/span><\/span><\/p>\n<p class=\"western\" style=\"text-align: justify;\"><span style=\"font-family: Arial, sans-serif;\"><span style=\"font-size: medium;\"><span style=\"color: #222222;\">Descri\u00e7\u00e3o da rota<\/span><\/span><\/span><\/p>\n<p class=\"western\" style=\"text-align: justify;\"><span style=\"font-family: Arial, sans-serif;\"><span style=\"font-size: medium;\"><span style=\"color: #222222;\">67 km com 1377 m de eleva\u00e7\u00e3o\u00a0<\/span><\/span><\/span><\/p>\n<p class=\"western\" style=\"text-align: justify;\"><span style=\"font-family: Arial, sans-serif;\"><span style=\"font-size: medium;\"><span style=\"color: #222222;\">6:30 hs estimativa de tempo em movimento\u00a0<\/span><\/span><\/span><\/p>\n<p class=\"western\" style=\"text-align: justify;\"><span style=\"color: #222222;\">\u00a0<\/span><\/p>\n<p class=\"western\" style=\"text-align: justify;\"><span style=\"font-family: Arial, sans-serif;\"><span style=\"font-size: medium;\"><span style=\"color: #222222;\">Km 13 \u2013 Cachoeira da Vargem\u00a0<\/span><\/span><\/span><\/p>\n<p class=\"western\" style=\"text-align: justify;\"><span style=\"font-family: Arial, sans-serif;\"><span style=\"font-size: medium;\"><span style=\"color: #222222;\">Km 18 \u2013 Cachoeira do Saltinho\u00a0<\/span><\/span><\/span><\/p>\n<p class=\"western\" style=\"text-align: justify;\"><span style=\"font-family: Arial, sans-serif;\"><span style=\"font-size: medium;\"><span style=\"color: #222222;\">Km 29 \u2013 Cachoeira Mitchan\u00a0<\/span><\/span><\/span><\/p>\n<p class=\"western\" style=\"text-align: justify;\"><span style=\"font-family: Arial, sans-serif;\"><span style=\"font-size: medium;\"><span style=\"color: #222222;\">Km 36 \u2013 Pico do Descalvado\u00a0<\/span><\/span><\/span><\/p>\n<p class=\"western\" style=\"text-align: justify;\"><span style=\"font-family: Arial, sans-serif;\"><span style=\"font-size: medium;\"><span style=\"color: #222222;\">Venha pedalar com a gente!<\/span><\/span><\/span><\/p>\n<p class=\"western\" style=\"text-align: justify;\"><span style=\"font-family: Arial, sans-serif;\"><span style=\"font-size: medium;\"><span style=\"color: #222222;\">Guia especializado no contato 15 99700-2240 \u2013 (Waldemar)<\/span><\/span><\/span><\/p>\n<p class=\"western\" style=\"text-align: justify;\"><span style=\"font-family: Arial, sans-serif;\"><span style=\"font-size: medium;\"><span style=\"color: #222222;\">Nos siga nas redes sociais: @ibiunamtb<\/span><span style=\"color: #222222;\">\u00a0<\/span><\/span><\/span><\/p>\n<\/div><\/section><br \/>\n<div  class='avia-video avia-video-16-9   '  itemprop=\"video\" itemtype=\"https:\/\/schema.org\/VideoObject\" ><div class='avia-iframe-wrap'><iframe loading=\"lazy\" width=\"1500\" height=\"844\" src=\"https:\/\/www.youtube.com\/embed\/rtZvewRXK-Y?feature=oembed\" frameborder=\"0\" allow=\"accelerometer; autoplay; clipboard-write; encrypted-media; gyroscope; picture-in-picture\" allowfullscreen><\/iframe><\/div><\/div><\/p><\/div>\n","protected":false},"excerpt":{"rendered":"","protected":false},"author":1,"featured_media":6223,"parent":0,"menu_order":0,"comment_status":"closed","ping_status":"closed","template":"","meta":{"footnotes":""},"class_list":["post-6302","page","type-page","status-publish","has-post-thumbnail","hentry"],"_links":{"self":[{"href":"https:\/\/mapasturon.com.br\/site\/wp-json\/wp\/v2\/pages\/6302","targetHints":{"allow":["GET"]}}],"collection":[{"href":"https:\/\/mapasturon.com.br\/site\/wp-json\/wp\/v2\/pages"}],"about":[{"href":"https:\/\/mapasturon.com.br\/site\/wp-json\/wp\/v2\/types\/page"}],"author":[{"embeddable":true,"href":"https:\/\/mapasturon.com.br\/site\/wp-json\/wp\/v2\/users\/1"}],"replies":[{"embeddable":true,"href":"https:\/\/mapasturon.com.br\/site\/wp-json\/wp\/v2\/comments?post=6302"}],"version-history":[{"count":14,"href":"https:\/\/mapasturon.com.br\/site\/wp-json\/wp\/v2\/pages\/6302\/revisions"}],"predecessor-version":[{"id":7596,"href":"https:\/\/mapasturon.com.br\/site\/wp-json\/wp\/v2\/pages\/6302\/revisions\/7596"}],"wp:featuredmedia":[{"embeddable":true,"href":"https:\/\/mapasturon.com.br\/site\/wp-json\/wp\/v2\/media\/6223"}],"wp:attachment":[{"href":"https:\/\/mapasturon.com.br\/site\/wp-json\/wp\/v2\/media?parent=6302"}],"curies":[{"name":"wp","href":"https:\/\/api.w.org\/{rel}","templated":true}]}}