{"id":6239,"date":"2021-08-25T09:17:39","date_gmt":"2021-08-25T12:17:39","guid":{"rendered":"http:\/\/mapasturon.com.br\/home\/?page_id=6239"},"modified":"2021-08-25T09:17:39","modified_gmt":"2021-08-25T12:17:39","slug":"pocinho-cassetari","status":"publish","type":"page","link":"https:\/\/mapasturon.com.br\/site\/pocinho-cassetari\/","title":{"rendered":"Pocinho \/ Cassetari"},"content":{"rendered":"<div style='padding-bottom:0px;font-size:40px;' class='av-special-heading av-special-heading-h1  blockquote modern-quote modern-centered  av-inherit-size '><h1 class='av-special-heading-tag '  itemprop=\"headline\"  >Pocinho \/ Cassetari &#8211; Ibi\u00fana &#8211; SP<\/h1><div class ='av-subheading av-subheading_below  ' style='font-size:15px;'><p>Conhe\u00e7a as rotas cicl\u00edsticas de Ibi\u00fana.<\/p>\n<\/div><div class='special-heading-border'><div class='special-heading-inner-border' ><\/div><\/div><\/div>\n<div  class='hr hr-default  '><span class='hr-inner ' ><span class='hr-inner-style'><\/span><\/span><\/div>\n<div class=\"flex_column av_one_full  flex_column_div av-zero-column-padding first  \" style='border-radius:0px; '><section class=\"avia_codeblock_section  avia_code_block_0\"  itemscope=\"itemscope\" itemtype=\"https:\/\/schema.org\/CreativeWork\" ><div class='avia_codeblock '  itemprop=\"text\" > [avia_codeblock_placeholder uid=\"0\"] <\/div><\/section><\/div>\n","protected":false},"excerpt":{"rendered":"","protected":false},"author":1,"featured_media":0,"parent":0,"menu_order":0,"comment_status":"closed","ping_status":"closed","template":"","meta":{"footnotes":""},"class_list":["post-6239","page","type-page","status-publish","hentry"],"_links":{"self":[{"href":"https:\/\/mapasturon.com.br\/site\/wp-json\/wp\/v2\/pages\/6239","targetHints":{"allow":["GET"]}}],"collection":[{"href":"https:\/\/mapasturon.com.br\/site\/wp-json\/wp\/v2\/pages"}],"about":[{"href":"https:\/\/mapasturon.com.br\/site\/wp-json\/wp\/v2\/types\/page"}],"author":[{"embeddable":true,"href":"https:\/\/mapasturon.com.br\/site\/wp-json\/wp\/v2\/users\/1"}],"replies":[{"embeddable":true,"href":"https:\/\/mapasturon.com.br\/site\/wp-json\/wp\/v2\/comments?post=6239"}],"version-history":[{"count":2,"href":"https:\/\/mapasturon.com.br\/site\/wp-json\/wp\/v2\/pages\/6239\/revisions"}],"predecessor-version":[{"id":6243,"href":"https:\/\/mapasturon.com.br\/site\/wp-json\/wp\/v2\/pages\/6239\/revisions\/6243"}],"wp:attachment":[{"href":"https:\/\/mapasturon.com.br\/site\/wp-json\/wp\/v2\/media?parent=6239"}],"curies":[{"name":"wp","href":"https:\/\/api.w.org\/{rel}","templated":true}]}}