{"id":4884,"date":"2019-02-19T15:31:48","date_gmt":"2019-02-19T18:31:48","guid":{"rendered":"http:\/\/mapasturon.com.br\/home\/?page_id=4884"},"modified":"2019-02-19T16:49:01","modified_gmt":"2019-02-19T19:49:01","slug":"embu-gacu","status":"publish","type":"page","link":"https:\/\/mapasturon.com.br\/site\/embu-gacu\/","title":{"rendered":"Embu-Gua\u00e7u"},"content":{"rendered":"<\/div><\/div><\/div><!-- close content main div --><\/div><\/div><div id='av-tab-section-1' class='av-tab-section-container entry-content-wrapper main_color av-tab-slide-transition av-tab-content-auto  av-tab-above-content   container_wrap fullsize'   ><div class='av-tab-section-outer-container'><div class='av-tab-section-tab-title-container avia-tab-title-padding-none ' style='background-color:rgba(0,0,0,0.01); '><a href='#av-tab-section-1-1' data-av-tab-section-title='1' class='av-section-tab-title av-active-tab-title av-tab-no-icon av-tab-with-image noHover av-tab-image-rounded av-tab-without-text  '><img class='av-tab-section-image' src='https:\/\/mapasturon.com.br\/site\/wp-content\/uploads\/2018\/05\/mapa-turistico-180x180.png' alt='' title='' \/><span class='av-outer-tab-title'><span class='av-inner-tab-title'><\/span><\/span><span class='av-tab-arrow-container'><span><\/span><\/span><\/a><\/div><div class='av-tab-section-inner-container avia-section-large' style='width:100vw; left:0%;'><span class='av_prev_tab_section av_tab_navigation'><\/span><span class='av_next_tab_section av_tab_navigation'><\/span>\n<div data-av-tab-section-content=\"1\" class=\"av-layout-tab av-animation-delay-container av-active-tab-content __av_init_open    \" style='vertical-align:top; '  data-tab-section-id=\"av-tab-section-1-1\"><div class='av-layout-tab-inner'><div class='container'><p><div style='padding-bottom:0px;font-size:40px;' class='av-special-heading av-special-heading-h1  blockquote modern-quote modern-centered   av-inherit-size '><h1 class='av-special-heading-tag '  itemprop=\"headline\"  >Mapa Embu-Gua\u00e7u &#8211; SP<\/h1><div class ='av-subheading av-subheading_below  ' style='font-size:15px;'><p>Conhe\u00e7a a cidade de Embu-Gua\u00e7u e seus pontos tur\u00edsticos.<\/p>\n<\/div><div class='special-heading-border'><div class='special-heading-inner-border' ><\/div><\/div><\/div><br \/>\n<div  class='hr hr-default  '><span class='hr-inner ' ><span class='hr-inner-style'><\/span><\/span><\/div><br \/>\n<div class=\"flex_column av_one_full  flex_column_div av-zero-column-padding first  \" style='border-radius:0px; '><section class=\"avia_codeblock_section  avia_code_block_0\"  itemscope=\"itemscope\" itemtype=\"https:\/\/schema.org\/CreativeWork\" ><div class='avia_codeblock '  itemprop=\"text\" > [avia_codeblock_placeholder uid=\"0\"] <\/div><\/section><\/div><\/p>\n<\/div><\/div><\/div><\/div><\/div><\/div><div id='layer_slider_1' class='avia-layerslider main_color avia-shadow  container_wrap fullsize'    style='height: 481px;' ><\/div><\/p>\n<div style='padding-bottom:0px;font-size:40px;' class='av-special-heading av-special-heading-h1  blockquote modern-quote modern-centered   av-inherit-size '><h1 class='av-special-heading-tag '  itemprop=\"headline\"  >Veja quem apoia o Mapas Turismo Online<\/h1><div class ='av-subheading av-subheading_below  ' style='font-size:15px;'><p>para se tornar nosso parceiro e apoiar o Mapas Tur\u00edstico Online <a href=\"http:\/\/mapasturon.com.br\/site\/contato1\/\">clique aqui<\/a><\/p>\n<\/div><div class='special-heading-border'><div class='special-heading-inner-border' ><\/div><\/div><\/div>\n<div  data-autoplay='true'  data-interval='5'  data-animation='slide'  class='avia-logo-element-container  avia-logo-slider avia-content-slider avia-smallarrow-slider avia-content-slider-active noHover avia-content-slider1 avia-content-slider-odd   ' ><div class='avia-smallarrow-slider-heading '><div class='new-special-heading'><h3>Confira quem apoia o turismo de Embu-Gua\u00e7u<\/h3><\/div><\/div><div class='avia-content-slider-inner'><div class='slide-entry-wrap'  itemprop=\"ImageObject\" itemscope=\"itemscope\" itemtype=\"https:\/\/schema.org\/ImageObject\" ><div data-avia-tooltip=\"Anunciante 1\" class='slide-entry flex_column no_margin post-entry slide-entry-overview slide-loop-1 slide-parity-odd  av_one_fifth first real-thumbnail'><img loading=\"lazy\" decoding=\"async\"  itemprop=\"thumbnailUrl\"  width=\"200\" height=\"203\" src=\"https:\/\/mapasturon.com.br\/site\/wp-content\/uploads\/2018\/05\/logo-cinza-200.png\" class=\"attachment-medium size-medium\" alt=\"\" srcset=\"https:\/\/mapasturon.com.br\/site\/wp-content\/uploads\/2018\/05\/logo-cinza-200.png 200w, https:\/\/mapasturon.com.br\/site\/wp-content\/uploads\/2018\/05\/logo-cinza-200-36x36.png 36w\" sizes=\"auto, (max-width: 200px) 100vw, 200px\" \/><\/div><div data-avia-tooltip=\"Anunciante 2\" class='slide-entry flex_column no_margin post-entry slide-entry-overview slide-loop-2 slide-parity-even  av_one_fifth  real-thumbnail'><img loading=\"lazy\" decoding=\"async\"  itemprop=\"thumbnailUrl\"  width=\"200\" height=\"203\" src=\"https:\/\/mapasturon.com.br\/site\/wp-content\/uploads\/2018\/05\/logo-cinza-200.png\" class=\"attachment-medium size-medium\" alt=\"\" srcset=\"https:\/\/mapasturon.com.br\/site\/wp-content\/uploads\/2018\/05\/logo-cinza-200.png 200w, https:\/\/mapasturon.com.br\/site\/wp-content\/uploads\/2018\/05\/logo-cinza-200-36x36.png 36w\" sizes=\"auto, (max-width: 200px) 100vw, 200px\" \/><\/div><div data-avia-tooltip=\"Anunciante 3\" class='slide-entry flex_column no_margin post-entry slide-entry-overview slide-loop-3 slide-parity-odd  av_one_fifth  real-thumbnail'><img loading=\"lazy\" decoding=\"async\"  itemprop=\"thumbnailUrl\"  width=\"200\" height=\"203\" src=\"https:\/\/mapasturon.com.br\/site\/wp-content\/uploads\/2018\/05\/logo-cinza-200.png\" class=\"attachment-medium size-medium\" alt=\"\" srcset=\"https:\/\/mapasturon.com.br\/site\/wp-content\/uploads\/2018\/05\/logo-cinza-200.png 200w, https:\/\/mapasturon.com.br\/site\/wp-content\/uploads\/2018\/05\/logo-cinza-200-36x36.png 36w\" sizes=\"auto, (max-width: 200px) 100vw, 200px\" \/><\/div><div data-avia-tooltip=\"Anunciante 4\" class='slide-entry flex_column no_margin post-entry slide-entry-overview slide-loop-4 slide-parity-even  av_one_fifth  real-thumbnail'><img loading=\"lazy\" decoding=\"async\"  itemprop=\"thumbnailUrl\"  width=\"200\" height=\"203\" src=\"https:\/\/mapasturon.com.br\/site\/wp-content\/uploads\/2018\/05\/logo-cinza-200.png\" class=\"attachment-medium size-medium\" alt=\"\" srcset=\"https:\/\/mapasturon.com.br\/site\/wp-content\/uploads\/2018\/05\/logo-cinza-200.png 200w, https:\/\/mapasturon.com.br\/site\/wp-content\/uploads\/2018\/05\/logo-cinza-200-36x36.png 36w\" sizes=\"auto, (max-width: 200px) 100vw, 200px\" \/><\/div><div data-avia-tooltip=\"Anunciante 5\" class='slide-entry flex_column no_margin post-entry slide-entry-overview slide-loop-5 slide-parity-odd  av_one_fifth  real-thumbnail'><img loading=\"lazy\" decoding=\"async\"  itemprop=\"thumbnailUrl\"  width=\"200\" height=\"203\" src=\"https:\/\/mapasturon.com.br\/site\/wp-content\/uploads\/2018\/05\/logo-cinza-200.png\" class=\"attachment-medium size-medium\" alt=\"\" srcset=\"https:\/\/mapasturon.com.br\/site\/wp-content\/uploads\/2018\/05\/logo-cinza-200.png 200w, https:\/\/mapasturon.com.br\/site\/wp-content\/uploads\/2018\/05\/logo-cinza-200-36x36.png 36w\" sizes=\"auto, (max-width: 200px) 100vw, 200px\" \/><\/div><\/div><div class='slide-entry-wrap'  itemprop=\"ImageObject\" itemscope=\"itemscope\" itemtype=\"https:\/\/schema.org\/ImageObject\" ><div data-avia-tooltip=\"Anunciante 6\" class='slide-entry flex_column no_margin post-entry slide-entry-overview slide-loop-6 slide-parity-odd  av_one_fifth first real-thumbnail'><img loading=\"lazy\" decoding=\"async\"  itemprop=\"thumbnailUrl\"  width=\"200\" height=\"203\" src=\"https:\/\/mapasturon.com.br\/site\/wp-content\/uploads\/2018\/05\/logo-cinza-200.png\" class=\"attachment-medium size-medium\" alt=\"\" srcset=\"https:\/\/mapasturon.com.br\/site\/wp-content\/uploads\/2018\/05\/logo-cinza-200.png 200w, https:\/\/mapasturon.com.br\/site\/wp-content\/uploads\/2018\/05\/logo-cinza-200-36x36.png 36w\" sizes=\"auto, (max-width: 200px) 100vw, 200px\" \/><\/div><div data-avia-tooltip=\"Anunciante 7\" class='slide-entry flex_column no_margin post-entry slide-entry-overview slide-loop-7 slide-parity-even  av_one_fifth  real-thumbnail'><img loading=\"lazy\" decoding=\"async\"  itemprop=\"thumbnailUrl\"  width=\"200\" height=\"203\" src=\"https:\/\/mapasturon.com.br\/site\/wp-content\/uploads\/2018\/05\/logo-cinza-200.png\" class=\"attachment-medium size-medium\" alt=\"\" srcset=\"https:\/\/mapasturon.com.br\/site\/wp-content\/uploads\/2018\/05\/logo-cinza-200.png 200w, https:\/\/mapasturon.com.br\/site\/wp-content\/uploads\/2018\/05\/logo-cinza-200-36x36.png 36w\" sizes=\"auto, (max-width: 200px) 100vw, 200px\" \/><\/div><div data-avia-tooltip=\"Anunciante 8\" class='slide-entry flex_column no_margin post-entry slide-entry-overview slide-loop-8 slide-parity-odd  av_one_fifth  real-thumbnail'><img loading=\"lazy\" decoding=\"async\"  itemprop=\"thumbnailUrl\"  width=\"200\" height=\"203\" src=\"https:\/\/mapasturon.com.br\/site\/wp-content\/uploads\/2018\/05\/logo-cinza-200.png\" class=\"attachment-medium size-medium\" alt=\"\" srcset=\"https:\/\/mapasturon.com.br\/site\/wp-content\/uploads\/2018\/05\/logo-cinza-200.png 200w, https:\/\/mapasturon.com.br\/site\/wp-content\/uploads\/2018\/05\/logo-cinza-200-36x36.png 36w\" sizes=\"auto, (max-width: 200px) 100vw, 200px\" \/><\/div><div data-avia-tooltip=\"Anunciante 9\" class='slide-entry flex_column no_margin post-entry slide-entry-overview slide-loop-9 slide-parity-even  av_one_fifth  real-thumbnail'><img loading=\"lazy\" decoding=\"async\"  itemprop=\"thumbnailUrl\"  width=\"200\" height=\"203\" src=\"https:\/\/mapasturon.com.br\/site\/wp-content\/uploads\/2018\/05\/logo-cinza-200.png\" class=\"attachment-medium size-medium\" alt=\"\" srcset=\"https:\/\/mapasturon.com.br\/site\/wp-content\/uploads\/2018\/05\/logo-cinza-200.png 200w, https:\/\/mapasturon.com.br\/site\/wp-content\/uploads\/2018\/05\/logo-cinza-200-36x36.png 36w\" sizes=\"auto, (max-width: 200px) 100vw, 200px\" \/><\/div><div data-avia-tooltip=\"Anunciante 10\" class='slide-entry flex_column no_margin post-entry slide-entry-overview slide-loop-10 slide-parity-odd  post-entry-last  av_one_fifth  real-thumbnail'><img loading=\"lazy\" decoding=\"async\"  itemprop=\"thumbnailUrl\"  width=\"200\" height=\"203\" src=\"https:\/\/mapasturon.com.br\/site\/wp-content\/uploads\/2018\/05\/logo-cinza-200.png\" class=\"attachment-medium size-medium\" alt=\"\" srcset=\"https:\/\/mapasturon.com.br\/site\/wp-content\/uploads\/2018\/05\/logo-cinza-200.png 200w, https:\/\/mapasturon.com.br\/site\/wp-content\/uploads\/2018\/05\/logo-cinza-200-36x36.png 36w\" sizes=\"auto, (max-width: 200px) 100vw, 200px\" \/><\/div><\/div><\/div><\/div>\n<div id='av_gmap_1' class='avia-google-map-container ' data-mapid='1' style='height: 300px;'><\/div>\n","protected":false},"excerpt":{"rendered":"","protected":false},"author":1,"featured_media":0,"parent":0,"menu_order":0,"comment_status":"closed","ping_status":"closed","template":"","meta":{"footnotes":""},"class_list":["post-4884","page","type-page","status-publish","hentry"],"_links":{"self":[{"href":"https:\/\/mapasturon.com.br\/site\/wp-json\/wp\/v2\/pages\/4884","targetHints":{"allow":["GET"]}}],"collection":[{"href":"https:\/\/mapasturon.com.br\/site\/wp-json\/wp\/v2\/pages"}],"about":[{"href":"https:\/\/mapasturon.com.br\/site\/wp-json\/wp\/v2\/types\/page"}],"author":[{"embeddable":true,"href":"https:\/\/mapasturon.com.br\/site\/wp-json\/wp\/v2\/users\/1"}],"replies":[{"embeddable":true,"href":"https:\/\/mapasturon.com.br\/site\/wp-json\/wp\/v2\/comments?post=4884"}],"version-history":[{"count":8,"href":"https:\/\/mapasturon.com.br\/site\/wp-json\/wp\/v2\/pages\/4884\/revisions"}],"predecessor-version":[{"id":5089,"href":"https:\/\/mapasturon.com.br\/site\/wp-json\/wp\/v2\/pages\/4884\/revisions\/5089"}],"wp:attachment":[{"href":"https:\/\/mapasturon.com.br\/site\/wp-json\/wp\/v2\/media?parent=4884"}],"curies":[{"name":"wp","href":"https:\/\/api.w.org\/{rel}","templated":true}]}}