{"id":4753,"date":"2018-07-28T21:32:16","date_gmt":"2018-07-29T00:32:16","guid":{"rendered":"http:\/\/mapasturon.com.br\/home\/?page_id=4753"},"modified":"2025-08-21T20:54:17","modified_gmt":"2025-08-21T23:54:17","slug":"rota-dos-mananciais","status":"publish","type":"page","link":"https:\/\/mapasturon.com.br\/site\/rota-dos-mananciais\/","title":{"rendered":"Rota dos Mananciais"},"content":{"rendered":"<\/div><\/div><\/div><!-- close content main div --><\/div><\/div><div class='clear'><\/div><div id='sub_menu1' class='av-submenu-container socket_color   av-sticky-submenu container_wrap fullsize'   style='z-index:301'><div class='container av-menu-mobile-disabled '><ul id=\"menu-rt-menu\" class=\"av-subnav-menu av-submenu-pos-center\"><li id=\"menu-item-8281\" class=\"menu-item menu-item-type-custom menu-item-object-custom menu-item-top-level menu-item-top-level-1\"><a href=\"https:\/\/mapasturon.com.br\/site\/rota-dos-mananciais\/\" itemprop=\"url\"><span class=\"avia-bullet\"><\/span><span class=\"avia-menu-text\">Mapa Principal<\/span><span class=\"avia-menu-fx\"><span class=\"avia-arrow-wrap\"><span class=\"avia-arrow\"><\/span><\/span><\/span><\/a><\/li>\n<li id=\"menu-item-8282\" class=\"menu-item menu-item-type-custom menu-item-object-custom menu-item-has-children menu-item-top-level menu-item-top-level-2\"><a href=\"#\" itemprop=\"url\"><span class=\"avia-bullet\"><\/span><span class=\"avia-menu-text\">Cidades<\/span><span class=\"avia-menu-fx\"><span class=\"avia-arrow-wrap\"><span class=\"avia-arrow\"><\/span><\/span><\/span><\/a>\n\n\n<ul class=\"sub-menu\">\n\t<li id=\"menu-item-8295\" class=\"menu-item menu-item-type-custom menu-item-object-custom\"><a href=\"https:\/\/mapasturon.com.br\/site\/cotia-sp\/\" itemprop=\"url\"><span class=\"avia-bullet\"><\/span><span class=\"avia-menu-text\">Cotia<\/span><\/a><\/li>\n\t<li id=\"menu-item-8296\" class=\"menu-item menu-item-type-custom menu-item-object-custom\"><a href=\"https:\/\/mapasturon.com.br\/site\/mapa-embu-das-artes-2\/\" itemprop=\"url\"><span class=\"avia-bullet\"><\/span><span class=\"avia-menu-text\">Embu das Artes<\/span><\/a><\/li>\n\t<li id=\"menu-item-8297\" class=\"menu-item menu-item-type-custom menu-item-object-custom\"><a href=\"https:\/\/mapasturon.com.br\/site\/embu-gacu\/\" itemprop=\"url\"><span class=\"avia-bullet\"><\/span><span class=\"avia-menu-text\">Embu Gua\u00e7u<\/span><\/a><\/li>\n\t<li id=\"menu-item-8298\" class=\"menu-item menu-item-type-custom menu-item-object-custom\"><a href=\"https:\/\/mapasturon.com.br\/site\/ibiuna-sp\/\" itemprop=\"url\"><span class=\"avia-bullet\"><\/span><span class=\"avia-menu-text\">Ibi\u00fana<\/span><\/a><\/li>\n\t<li id=\"menu-item-8299\" class=\"menu-item menu-item-type-custom menu-item-object-custom\"><a href=\"https:\/\/mapasturon.com.br\/site\/itapecerica-da-serra\/\" itemprop=\"url\"><span class=\"avia-bullet\"><\/span><span class=\"avia-menu-text\">Itapecerica da serra<\/span><\/a><\/li>\n\t<li id=\"menu-item-8300\" class=\"menu-item menu-item-type-custom menu-item-object-custom\"><a href=\"https:\/\/mapasturon.com.br\/site\/juquitiba\/\" itemprop=\"url\"><span class=\"avia-bullet\"><\/span><span class=\"avia-menu-text\">Juquitiba<\/span><\/a><\/li>\n\t<li id=\"menu-item-8301\" class=\"menu-item menu-item-type-custom menu-item-object-custom\"><a href=\"https:\/\/mapasturon.com.br\/site\/mapa-sao-lourenco-da-serra\/\" itemprop=\"url\"><span class=\"avia-bullet\"><\/span><span class=\"avia-menu-text\">S\u00e3o Louren\u00e7o da Serra<\/span><\/a><\/li>\n\t<li id=\"menu-item-8302\" class=\"menu-item menu-item-type-custom menu-item-object-custom\"><a href=\"https:\/\/mapasturon.com.br\/site\/taboao-da-serra\/\" itemprop=\"url\"><span class=\"avia-bullet\"><\/span><span class=\"avia-menu-text\">Tabo\u00e3o da Serra<\/span><\/a><\/li>\n\t<li id=\"menu-item-8303\" class=\"menu-item menu-item-type-custom menu-item-object-custom\"><a href=\"https:\/\/mapasturon.com.br\/site\/vargem-grande-paulista\/\" itemprop=\"url\"><span class=\"avia-bullet\"><\/span><span class=\"avia-menu-text\">Vargem Grande Paulista<\/span><\/a><\/li>\n<\/ul>\n<\/li>\n<li id=\"menu-item-8283\" class=\"menu-item menu-item-type-custom menu-item-object-custom menu-item-has-children menu-item-top-level menu-item-top-level-3\"><a href=\"#\" itemprop=\"url\"><span class=\"avia-bullet\"><\/span><span class=\"avia-menu-text\">Cicloturismo<\/span><span class=\"avia-menu-fx\"><span class=\"avia-arrow-wrap\"><span class=\"avia-arrow\"><\/span><\/span><\/span><\/a>\n\n\n<ul class=\"sub-menu\">\n\t<li id=\"menu-item-8294\" class=\"menu-item menu-item-type-custom menu-item-object-custom\"><a href=\"https:\/\/mapasturon.com.br\/site\/cicloturismo-ibiuna-sp\/\" itemprop=\"url\"><span class=\"avia-bullet\"><\/span><span class=\"avia-menu-text\">Cicloturismo Ibi\u00fana SP<\/span><\/a><\/li>\n<\/ul>\n<\/li>\n<li id=\"menu-item-8284\" class=\"menu-item menu-item-type-custom menu-item-object-custom menu-item-top-level menu-item-top-level-4\"><a href=\"#\" itemprop=\"url\"><span class=\"avia-bullet\"><\/span><span class=\"avia-menu-text\">Rotas &#038; Roteiros<\/span><span class=\"avia-menu-fx\"><span class=\"avia-arrow-wrap\"><span class=\"avia-arrow\"><\/span><\/span><\/span><\/a><\/li>\n<li id=\"menu-item-8285\" class=\"menu-item menu-item-type-custom menu-item-object-custom menu-item-top-level menu-item-top-level-5\"><a href=\"#\" itemprop=\"url\"><span class=\"avia-bullet\"><\/span><span class=\"avia-menu-text\">Microrregi\u00f5es<\/span><span class=\"avia-menu-fx\"><span class=\"avia-arrow-wrap\"><span class=\"avia-arrow\"><\/span><\/span><\/span><\/a><\/li>\n<li id=\"menu-item-8286\" class=\"menu-item menu-item-type-custom menu-item-object-custom menu-item-has-children menu-item-top-level menu-item-top-level-6\"><a href=\"#\" itemprop=\"url\"><span class=\"avia-bullet\"><\/span><span class=\"avia-menu-text\">Artesanais<\/span><span class=\"avia-menu-fx\"><span class=\"avia-arrow-wrap\"><span class=\"avia-arrow\"><\/span><\/span><\/span><\/a>\n\n\n<ul class=\"sub-menu\">\n\t<li id=\"menu-item-8292\" class=\"menu-item menu-item-type-custom menu-item-object-custom\"><a target=\"_blank\" href=\"https:\/\/www.instagram.com\/hullaprodutos\/\" itemprop=\"url\"><span class=\"avia-bullet\"><\/span><span class=\"avia-menu-text\">Hulla produtos<\/span><\/a><\/li>\n\t<li id=\"menu-item-8293\" class=\"menu-item menu-item-type-custom menu-item-object-custom\"><a target=\"_blank\" href=\"https:\/\/www.instagram.com\/yumis_coffee\/\" itemprop=\"url\"><span class=\"avia-bullet\"><\/span><span class=\"avia-menu-text\">Yumi&#8217;s Coffee Shop<\/span><\/a><\/li>\n<\/ul>\n<\/li>\n<li id=\"menu-item-8287\" class=\"menu-item menu-item-type-custom menu-item-object-custom menu-item-has-children menu-item-top-level menu-item-top-level-7\"><a href=\"#\" itemprop=\"url\"><span class=\"avia-bullet\"><\/span><span class=\"avia-menu-text\">Gastronomia<\/span><span class=\"avia-menu-fx\"><span class=\"avia-arrow-wrap\"><span class=\"avia-arrow\"><\/span><\/span><\/span><\/a>\n\n\n<ul class=\"sub-menu\">\n\t<li id=\"menu-item-8290\" class=\"menu-item menu-item-type-custom menu-item-object-custom\"><a target=\"_blank\" href=\"https:\/\/mapasturon.com.br\/site\/ponto-turistico\/cabanha-mulekinha\/\" itemprop=\"url\"><span class=\"avia-bullet\"><\/span><span class=\"avia-menu-text\">Cabanha Mulekinha<\/span><\/a><\/li>\n\t<li id=\"menu-item-8291\" class=\"menu-item menu-item-type-custom menu-item-object-custom\"><a target=\"_blank\" href=\"https:\/\/mapasturon.com.br\/site\/ponto-turistico\/padaria-hinode\/\" itemprop=\"url\"><span class=\"avia-bullet\"><\/span><span class=\"avia-menu-text\">Padaria Hinode<\/span><\/a><\/li>\n<\/ul>\n<\/li>\n<li id=\"menu-item-8288\" class=\"menu-item menu-item-type-custom menu-item-object-custom menu-item-has-children menu-item-top-level menu-item-top-level-8\"><a href=\"#\" itemprop=\"url\"><span class=\"avia-bullet\"><\/span><span class=\"avia-menu-text\">Hotelaria<\/span><span class=\"avia-menu-fx\"><span class=\"avia-arrow-wrap\"><span class=\"avia-arrow\"><\/span><\/span><\/span><\/a>\n\n\n<ul class=\"sub-menu\">\n\t<li id=\"menu-item-8289\" class=\"menu-item menu-item-type-custom menu-item-object-custom\"><a target=\"_blank\" href=\"https:\/\/clararesorts.com.br\/\" itemprop=\"url\"><span class=\"avia-bullet\"><\/span><span class=\"avia-menu-text\">Clara Resorts<\/span><\/a><\/li>\n<\/ul>\n<\/li>\n<\/ul><\/div><\/div><div class='sticky_placeholder'><\/div>\n<section class=\"av_textblock_section  av-desktop-hide av-medium-hide\"  itemscope=\"itemscope\" itemtype=\"https:\/\/schema.org\/CreativeWork\" ><div class='avia_textblock hotspot-container-centralizado '   itemprop=\"text\" ><p style=\"text-align: center;\"><span style=\"vertical-align: inherit;\"><div class=\"hotspot-container\" data-slideshow=\"false\" data-slideshowdelay=\"3000\" data-autohide=\"false\" data-autohidedelay=\"5000\" data-loop=\"false\" data-triggerby=\"mouseover\" data-sticky=\"\" data-clickimageclose=\"true\" data-dropinease=\"true\" data-displayvideo=\"false\" data-customicon=\"http:\/\/mapasturon.com.br\/site\/wp-content\/uploads\/2018\/05\/2424.png\"><div class=\"popover bottom\" data-easein=\"cardInTop\" data-easeout=\"cardOutTop\" data-width=\"\" data-top=\"252\" data-left=\"738\" data-direction=\"bottom\" style=\"display:none\" data-style=\"\">\n\t\t\t\t\t\t    <div class=\"cq-arrow\"><\/div>\n\t\t\t\t\t\t    <div class=\"popover-inner\"><h4 class=\"popover-title\">Cotia - SP<\/h4><div class=\"popover-content\">\n\t\t\t\t\t\t        <p><a href=\"http:\/\/mapasturon.com.br\/site\/cotia-sp\/\"><img loading=\"lazy\" decoding=\"async\" class=\"alignnone wp-image-4190 size-thumbnail\" src=\"http:\/\/mapasturon.com.br\/site\/wp-content\/uploads\/2018\/05\/mapa-cotia.jpg\" alt=\"\" width=\"250\" height=\"167\" \/><\/a><\/p>\n\t\t\t\t\t\t      <\/div>\n\t\t\t\t\t\t    <\/div>\n\t\t\t\t\t\t  <\/div><a href=\"#\" class=\"info-icon cq-hotspot-custom-icon\" data-top=\"252\" data-left=\"738\" data-link=\"\" data-target=\"_self\" style=\"display:none;top:-1000px;\"><span class=\"cq-hotspot-label\" style=\"\"><\/span><\/a><div class=\"info-icon-pulse info-icon-pulse1\"><\/div><div class=\"popover left\" data-easein=\"cardInTop\" data-easeout=\"cardOutTop\" data-width=\"\" data-top=\"215\" data-left=\"975\" data-direction=\"left\" style=\"display:none\" data-style=\"\">\n\t\t\t\t\t\t    <div class=\"cq-arrow\"><\/div>\n\t\t\t\t\t\t    <div class=\"popover-inner\"><h4 class=\"popover-title\">Tabo\u00e3o da Serra<\/h4><div class=\"popover-content\">\n\t\t\t\t\t\t        <p><a href=\"http:\/\/mapasturon.com.br\/site\/taboao-da-serra\/\"><img loading=\"lazy\" decoding=\"async\" class=\"alignnone wp-image-4190 size-thumbnail\" src=\"http:\/\/mapasturon.com.br\/site\/wp-content\/uploads\/2018\/05\/tabo\u00e3o-da-serra.jpg\" alt=\"\" width=\"250\" height=\"167\" \/><\/a><\/p>\n\t\t\t\t\t\t      <\/div>\n\t\t\t\t\t\t    <\/div>\n\t\t\t\t\t\t  <\/div><a href=\"#\" class=\"info-icon cq-hotspot-custom-icon\" data-top=\"215\" data-left=\"975\" data-link=\"\" data-target=\"_self\" style=\"display:none;top:-1000px;\"><span class=\"cq-hotspot-label\" style=\"\"><\/span><\/a><div class=\"info-icon-pulse info-icon-pulse1\"><\/div><div class=\"popover left\" data-easein=\"cardInTop\" data-easeout=\"cardOutTop\" data-width=\"\" data-top=\"481\" data-left=\"868\" data-direction=\"left\" style=\"display:none\" data-style=\"\">\n\t\t\t\t\t\t    <div class=\"cq-arrow\"><\/div>\n\t\t\t\t\t\t    <div class=\"popover-inner\"><h4 class=\"popover-title\">Embu Gua\u00e7u - SP<\/h4><div class=\"popover-content\">\n\t\t\t\t\t\t        <p><a href=\"http:\/\/mapasturon.com.br\/site\/embu-gacu\/\"><img loading=\"lazy\" decoding=\"async\" class=\"alignnone wp-image-4190 size-thumbnail\" src=\"http:\/\/mapasturon.com.br\/site\/wp-content\/uploads\/2018\/05\/parque-da-varzea-de-embu-guacu-300x207.jpg\" alt=\"\" width=\"250\" height=\"167\" \/><\/a><\/p>\n\t\t\t\t\t\t      <\/div>\n\t\t\t\t\t\t    <\/div>\n\t\t\t\t\t\t  <\/div><a href=\"#\" class=\"info-icon cq-hotspot-custom-icon\" data-top=\"481\" data-left=\"868\" data-link=\"\" data-target=\"_self\" style=\"display:none;top:-1000px;\"><span class=\"cq-hotspot-label\" style=\"\"><\/span><\/a><div class=\"info-icon-pulse info-icon-pulse1\"><\/div><div class=\"popover right\" data-easein=\"cardInTop\" data-easeout=\"cardOutTop\" data-width=\"\" data-top=\"355\" data-left=\"471\" data-direction=\"right\" style=\"display:none\" data-style=\"\">\n\t\t\t\t\t\t    <div class=\"cq-arrow\"><\/div>\n\t\t\t\t\t\t    <div class=\"popover-inner\"><h4 class=\"popover-title\">Ibi\u00fana - SP<\/h4><div class=\"popover-content\">\n\t\t\t\t\t\t        <p><a href=\"http:\/\/mapasturon.com.br\/site\/ibiuna-sp\/\"><img loading=\"lazy\" decoding=\"async\" class=\"alignnone wp-image-4190 size-thumbnail\" src=\"http:\/\/mapasturon.com.br\/site\/wp-content\/uploads\/2018\/05\/capela.jpg\" alt=\"\" width=\"250\" height=\"167\" \/><\/a><\/p>\n\t\t\t\t\t\t      <\/div>\n\t\t\t\t\t\t    <\/div>\n\t\t\t\t\t\t  <\/div><a href=\"#\" class=\"info-icon cq-hotspot-custom-icon\" data-top=\"355\" data-left=\"471\" data-link=\"\" data-target=\"_self\" style=\"display:none;top:-1000px;\"><span class=\"cq-hotspot-label\" style=\"\"><\/span><\/a><div class=\"info-icon-pulse info-icon-pulse1\"><\/div><div class=\"popover left\" data-easein=\"cardInTop\" data-easeout=\"cardOutTop\" data-width=\"\" data-top=\"357\" data-left=\"860\" data-direction=\"left\" style=\"display:none\" data-style=\"\">\n\t\t\t\t\t\t    <div class=\"cq-arrow\"><\/div>\n\t\t\t\t\t\t    <div class=\"popover-inner\"><h4 class=\"popover-title\">Itapecerica da Serra - SP<\/h4><div class=\"popover-content\">\n\t\t\t\t\t\t        <p><a href=\"http:\/\/mapasturon.com.br\/site\/itapecerica-da-serra\/\"><img loading=\"lazy\" decoding=\"async\" class=\"alignnone wp-image-4190 size-thumbnail\" src=\"http:\/\/mapasturon.com.br\/site\/wp-content\/uploads\/2018\/05\/mapa-Itapecerica-da-Serra.jpg\" alt=\"\" width=\"250\" height=\"167\" \/><\/a><\/p>\n\t\t\t\t\t\t      <\/div>\n\t\t\t\t\t\t    <\/div>\n\t\t\t\t\t\t  <\/div><a href=\"#\" class=\"info-icon cq-hotspot-custom-icon\" data-top=\"357\" data-left=\"860\" data-link=\"\" data-target=\"_self\" style=\"display:none;top:-1000px;\"><span class=\"cq-hotspot-label\" style=\"\"><\/span><\/a><div class=\"info-icon-pulse info-icon-pulse1\"><\/div><div class=\"popover top\" data-easein=\"cardInTop\" data-easeout=\"cardOutTop\" data-width=\"\" data-top=\"578\" data-left=\"575\" data-direction=\"top\" style=\"display:none\" data-style=\"\">\n\t\t\t\t\t\t    <div class=\"cq-arrow\"><\/div>\n\t\t\t\t\t\t    <div class=\"popover-inner\"><h4 class=\"popover-title\">Juquitiba - SP<\/h4><div class=\"popover-content\">\n\t\t\t\t\t\t        <p><a href=\"http:\/\/mapasturon.com.br\/site\/juquitiba\/\"><img loading=\"lazy\" decoding=\"async\" class=\"alignnone wp-image-4190 size-thumbnail\" src=\"http:\/\/mapasturon.com.br\/site\/wp-content\/uploads\/2018\/05\/juquitiba.jpg\" alt=\"\" width=\"250\" height=\"167\" \/><\/a><\/p>\n\t\t\t\t\t\t      <\/div>\n\t\t\t\t\t\t    <\/div>\n\t\t\t\t\t\t  <\/div><a href=\"#\" class=\"info-icon cq-hotspot-custom-icon\" data-top=\"578\" data-left=\"575\" data-link=\"\" data-target=\"_self\" style=\"display:none;top:-1000px;\"><span class=\"cq-hotspot-label\" style=\"\"><\/span><\/a><div class=\"info-icon-pulse info-icon-pulse1\"><\/div><div class=\"popover top\" data-easein=\"cardInTop\" data-easeout=\"cardOutTop\" data-width=\"\" data-top=\"489\" data-left=\"723\" data-direction=\"top\" style=\"display:none\" data-style=\"\">\n\t\t\t\t\t\t    <div class=\"cq-arrow\"><\/div>\n\t\t\t\t\t\t    <div class=\"popover-inner\"><h4 class=\"popover-title\">S\u00e3o Louren\u00e7o da Serra<\/h4><div class=\"popover-content\">\n\t\t\t\t\t\t        <p><a href=\"http:\/\/mapasturon.com.br\/site\/mapa-sao-lourenco-da-serra\/\"><img loading=\"lazy\" decoding=\"async\" class=\"alignnone wp-image-4190 size-thumbnail\" src=\"http:\/\/mapasturon.com.br\/site\/wp-content\/uploads\/2018\/05\/s\u00e3olouren\u00e7o.jpg\" alt=\"\" width=\"250\" height=\"167\" \/><\/a><\/p>\n\t\t\t\t\t\t      <\/div>\n\t\t\t\t\t\t    <\/div>\n\t\t\t\t\t\t  <\/div><a href=\"#\" class=\"info-icon cq-hotspot-custom-icon\" data-top=\"489\" data-left=\"723\" data-link=\"\" data-target=\"_self\" style=\"display:none;top:-1000px;\"><span class=\"cq-hotspot-label\" style=\"\"><\/span><\/a><div class=\"info-icon-pulse info-icon-pulse1\"><\/div><div class=\"popover left\" data-easein=\"cardInTop\" data-easeout=\"cardOutTop\" data-width=\"\" data-top=\"260\" data-left=\"864\" data-direction=\"left\" style=\"display:none\" data-style=\"\">\n\t\t\t\t\t\t    <div class=\"cq-arrow\"><\/div>\n\t\t\t\t\t\t    <div class=\"popover-inner\"><h4 class=\"popover-title\">Embu das Artes - SP<\/h4><div class=\"popover-content\">\n\t\t\t\t\t\t        <p><a href=\"http:\/\/mapasturon.com.br\/site\/mapa-embu-das-artes-2\/\"><img loading=\"lazy\" decoding=\"async\" class=\"alignnone wp-image-4190 size-thumbnail\" src=\"http:\/\/mapasturon.com.br\/site\/wp-content\/uploads\/2018\/05\/feirinha-embu-das-artes.jpg\" alt=\"\" width=\"250\" height=\"167\" \/><\/a><\/p>\n\t\t\t\t\t\t      <\/div>\n\t\t\t\t\t\t    <\/div>\n\t\t\t\t\t\t  <\/div><a href=\"#\" class=\"info-icon cq-hotspot-custom-icon\" data-top=\"260\" data-left=\"864\" data-link=\"\" data-target=\"_self\" style=\"display:none;top:-1000px;\"><span class=\"cq-hotspot-label\" style=\"\"><\/span><\/a><div class=\"info-icon-pulse info-icon-pulse1\"><\/div><div class=\"popover bottom\" data-easein=\"cardInTop\" data-easeout=\"cardOutTop\" data-width=\"\" data-top=\"233\" data-left=\"635\" data-direction=\"bottom\" style=\"display:none\" data-style=\"\">\n\t\t\t\t\t\t    <div class=\"cq-arrow\"><\/div>\n\t\t\t\t\t\t    <div class=\"popover-inner\"><h4 class=\"popover-title\">Vargem Grande Paulista<\/h4><div class=\"popover-content\">\n\t\t\t\t\t\t        <p><a href=\"http:\/\/mapasturon.com.br\/site\/vargem-grande-paulista\/\"><img loading=\"lazy\" decoding=\"async\" class=\"alignnone wp-image-4190 size-thumbnail\" src=\"http:\/\/mapasturon.com.br\/site\/wp-content\/uploads\/2018\/05\/mapa-Vargem-Grande.jpg\" alt=\"\" width=\"250\" height=\"167\" \/><\/a><\/p>\n\t\t\t\t\t\t      <\/div>\n\t\t\t\t\t\t    <\/div>\n\t\t\t\t\t\t  <\/div><a href=\"#\" class=\"info-icon cq-hotspot-custom-icon\" data-top=\"233\" data-left=\"635\" data-link=\"\" data-target=\"_self\" style=\"display:none;top:-1000px;\"><span class=\"cq-hotspot-label\" style=\"\"><\/span><\/a><div class=\"info-icon-pulse info-icon-pulse1\"><\/div><div class=\"popover bottom\" data-easein=\"cardInTop\" data-easeout=\"cardOutTop\" data-width=\"300px\" data-top=\"380\" data-left=\"1108\" data-direction=\"bottom\" style=\"display:none\" data-style=\"\">\n\t\t\t\t\t\t    <div class=\"cq-arrow\"><\/div>\n\t\t\t\t\t\t    <div class=\"popover-inner\"><h4 class=\"popover-title\">Conisud<\/h4><div class=\"popover-content\">\n\t\t\t\t\t\t        <p><\/p>\n\t\t\t\t\t\t      <\/div>\n\t\t\t\t\t\t    <\/div>\n\t\t\t\t\t\t  <\/div><a href=\"#\" class=\"info-icon cq-hotspot-custom-icon\" data-top=\"380\" data-left=\"1108\" data-link=\"http:\/\/conisud.sp.gov.br\/\" data-target=\"_self\" style=\"display:none;top:-1000px;\"><span class=\"cq-hotspot-label\" style=\"\"><\/span><\/a><img decoding=\"async\" src=\"https:\/\/mapasturon.com.br\/site\/wp-content\/uploads\/2025\/08\/1.png\" class=\"popover-image\"  \/><\/div><\/span><\/p>\n<\/div><\/section>\n<section class=\"avia_codeblock_section  avia_code_block_0\"  itemscope=\"itemscope\" itemtype=\"https:\/\/schema.org\/CreativeWork\" ><div class='avia_codeblock hotspot-container-centralizado'  itemprop=\"text\" > [avia_codeblock_placeholder uid=\"0\"] <\/div><\/section>\n<div class='avia-image-container  av-styling-    largura-max-1280 avia-align- '  itemprop=\"ImageObject\" itemscope=\"itemscope\" itemtype=\"https:\/\/schema.org\/ImageObject\"  ><div class='avia-image-container-inner'><img class='avia_image ' src='https:\/\/mapasturon.com.br\/site\/wp-content\/uploads\/2025\/08\/2.png' alt='' title='2'   itemprop=\"thumbnailUrl\"  \/><\/div><\/div>\n<div style='padding-bottom:10px;' class='av-special-heading av-special-heading-h1  blockquote modern-quote modern-centered  largura-max-1280 '><h1 class='av-special-heading-tag '  itemprop=\"headline\"  >Conhe\u00e7a mais Roteiros e Atra\u00e7\u00f5es Tur\u00edsticas da RT<\/h1><div class='special-heading-border'><div class='special-heading-inner-border' ><\/div><\/div><\/div>\n<div  data-size='featured_large'  data-lightbox_size='large'  data-animation='slide'  data-ids='5974,5972,5971,5970,6038'  data-video_counter='0'  data-autoplay='true'  data-bg_slider='false'  data-slide_height=''  data-handle='av_slideshow'  data-interval='3'  data-class=' largura-max-1280 '  data-css_id=''  data-scroll_down=''  data-control_layout='av-control-default'  data-custom_markup=''  data-perma_caption=''  data-autoplay_stopper=''  data-image_attachment=''  data-min_height='0px'  data-default-height='42'  class='avia-slideshow avia-slideshow-1  av-control-default av-default-height-applied avia-slideshow-featured_large av_slideshow  largura-max-1280  avia-slide-slider '  itemprop=\"ImageObject\" itemscope=\"itemscope\" itemtype=\"https:\/\/schema.org\/ImageObject\" ><ul class='avia-slideshow-inner' style='padding-bottom: 44.444444444444%;'><li  class=' slide-1 ' ><a href='https:\/\/mapasturon.com.br\/site\/juquitiba\/' data-rel='slideshow-1' class='avia-slide-wrap'  ><img src='https:\/\/mapasturon.com.br\/site\/wp-content\/uploads\/2021\/07\/04.jpg' width='1080' height='480' title='04' alt=''  itemprop=\"thumbnailUrl\"   \/><\/a><\/li><li  class=' slide-2 ' ><a href='https:\/\/mapasturon.com.br\/site\/embu-gacu\/' data-rel='slideshow-1' class='avia-slide-wrap'  ><img src='https:\/\/mapasturon.com.br\/site\/wp-content\/uploads\/2021\/07\/03.jpg' width='1080' height='480' title='03' alt=''  itemprop=\"thumbnailUrl\"   \/><\/a><\/li><li  class=' slide-3 ' ><a href='https:\/\/mapasturon.com.br\/site\/itapecerica-da-serra\/' data-rel='slideshow-1' class='avia-slide-wrap'  ><img src='https:\/\/mapasturon.com.br\/site\/wp-content\/uploads\/2021\/07\/02.jpg' width='1080' height='480' title='02' alt=''  itemprop=\"thumbnailUrl\"   \/><\/a><\/li><li  class=' slide-4 ' ><a href='https:\/\/mapasturon.com.br\/site\/?page_id=4631' data-rel='slideshow-1' class='avia-slide-wrap'  ><img src='https:\/\/mapasturon.com.br\/site\/wp-content\/uploads\/2021\/07\/01.jpg' width='1080' height='480' title='01' alt=''  itemprop=\"thumbnailUrl\"   \/><\/a><\/li><li  class=' slide-5 ' ><div data-rel='slideshow-1' class='avia-slide-wrap'  ><img src='https:\/\/mapasturon.com.br\/site\/wp-content\/uploads\/2021\/07\/cidades-mapa-mananciais-aventuras-artes-negocios-1.jpg' width='1080' height='480' title='cidades-mapa-mananciais-aventuras-artes-negocios' alt=''  itemprop=\"thumbnailUrl\"   \/><\/div><\/li><\/ul><div class='avia-slideshow-arrows avia-slideshow-controls'><a href='#prev' class='prev-slide' aria-hidden='true' data-av_icon='\ue87c' data-av_iconfont='entypo-fontello'>Anterior<\/a><a href='#next' class='next-slide' aria-hidden='true' data-av_icon='\ue87d' data-av_iconfont='entypo-fontello'>Pr\u00f3ximo<\/a><\/div><div class='avia-slideshow-dots avia-slideshow-controls'><a href='#1' class='goto-slide active' >1<\/a><a href='#2' class='goto-slide ' >2<\/a><a href='#3' class='goto-slide ' >3<\/a><a href='#4' class='goto-slide ' >4<\/a><a href='#5' class='goto-slide ' >5<\/a><\/div><\/div>\n<div class='avia-image-container  av-styling-   av-desktop-hide av-medium-hide  largura-max-1280 avia-align- '  itemprop=\"ImageObject\" itemscope=\"itemscope\" itemtype=\"https:\/\/schema.org\/ImageObject\"  ><div class='avia-image-container-inner'><img class='avia_image ' src='https:\/\/mapasturon.com.br\/site\/wp-content\/uploads\/2021\/07\/rt-mananciais-aventuras-artes-negocios.jpg' alt='' title='rt-mananciais-aventuras-artes-negocios'   itemprop=\"thumbnailUrl\"  \/><\/div><\/div>\n","protected":false},"excerpt":{"rendered":"","protected":false},"author":1,"featured_media":0,"parent":0,"menu_order":0,"comment_status":"closed","ping_status":"closed","template":"","meta":{"footnotes":""},"class_list":["post-4753","page","type-page","status-publish","hentry"],"_links":{"self":[{"href":"https:\/\/mapasturon.com.br\/site\/wp-json\/wp\/v2\/pages\/4753","targetHints":{"allow":["GET"]}}],"collection":[{"href":"https:\/\/mapasturon.com.br\/site\/wp-json\/wp\/v2\/pages"}],"about":[{"href":"https:\/\/mapasturon.com.br\/site\/wp-json\/wp\/v2\/types\/page"}],"author":[{"embeddable":true,"href":"https:\/\/mapasturon.com.br\/site\/wp-json\/wp\/v2\/users\/1"}],"replies":[{"embeddable":true,"href":"https:\/\/mapasturon.com.br\/site\/wp-json\/wp\/v2\/comments?post=4753"}],"version-history":[{"count":67,"href":"https:\/\/mapasturon.com.br\/site\/wp-json\/wp\/v2\/pages\/4753\/revisions"}],"predecessor-version":[{"id":8318,"href":"https:\/\/mapasturon.com.br\/site\/wp-json\/wp\/v2\/pages\/4753\/revisions\/8318"}],"wp:attachment":[{"href":"https:\/\/mapasturon.com.br\/site\/wp-json\/wp\/v2\/media?parent=4753"}],"curies":[{"name":"wp","href":"https:\/\/api.w.org\/{rel}","templated":true}]}}