{"id":6140,"date":"2021-07-31T15:55:56","date_gmt":"2021-07-31T18:55:56","guid":{"rendered":"http:\/\/mapasturon.com.br\/home\/?page_id=6140"},"modified":"2025-06-17T01:38:49","modified_gmt":"2025-06-17T04:38:49","slug":"rota-itupararanga","status":"publish","type":"page","link":"http:\/\/mapasturon.com.br\/site\/rota-itupararanga\/","title":{"rendered":"Rota Itupararanga"},"content":{"rendered":"<\/div><\/div><\/div><!-- close content main div --><\/div><\/div><div class='clear'><\/div><div id='sub_menu1' class='av-submenu-container socket_color   av-sticky-submenu container_wrap fullsize'   style='z-index:301'><div class='container av-menu-mobile-disabled '><ul id=\"menu-menumapasibiuna\" class=\"av-subnav-menu av-submenu-pos-center\"><li id=\"menu-item-7876\" class=\"menu-item menu-item-type-post_type menu-item-object-page menu-item-top-level menu-item-top-level-1\"><a href=\"http:\/\/mapasturon.com.br\/site\/ibiuna-sp\/\" itemprop=\"url\"><span class=\"avia-bullet\"><\/span><span class=\"avia-menu-text\">Mapa Principal<\/span><span class=\"avia-menu-fx\"><span class=\"avia-arrow-wrap\"><span class=\"avia-arrow\"><\/span><\/span><\/span><\/a><\/li>\n<li id=\"menu-item-7651\" class=\"menu-item menu-item-type-post_type menu-item-object-page menu-item-top-level menu-item-top-level-2\"><a href=\"http:\/\/mapasturon.com.br\/site\/mapa-centro-ibiuna\/\" itemprop=\"url\"><span class=\"avia-bullet\"><\/span><span class=\"avia-menu-text\">Mapa Centro<\/span><span class=\"avia-menu-fx\"><span class=\"avia-arrow-wrap\"><span class=\"avia-arrow\"><\/span><\/span><\/span><\/a><\/li>\n<li id=\"menu-item-7689\" class=\"menu-item menu-item-type-custom menu-item-object-custom menu-item-has-children menu-item-top-level menu-item-top-level-3\"><a href=\"#\" itemprop=\"url\"><span class=\"avia-bullet\"><\/span><span class=\"avia-menu-text\">Cicloturismo<\/span><span class=\"avia-menu-fx\"><span class=\"avia-arrow-wrap\"><span class=\"avia-arrow\"><\/span><\/span><\/span><\/a>\n\n\n<ul class=\"sub-menu\">\n\t<li id=\"menu-item-7650\" class=\"menu-item menu-item-type-post_type menu-item-object-page\"><a href=\"http:\/\/mapasturon.com.br\/site\/cicloturismo-ibiuna-sp\/\" itemprop=\"url\"><span class=\"avia-bullet\"><\/span><span class=\"avia-menu-text\">Cicloturismo Ibi\u00fana SP<\/span><\/a><\/li>\n<\/ul>\n<\/li>\n<li id=\"menu-item-7875\" class=\"menu-item menu-item-type-custom menu-item-object-custom menu-item-has-children menu-item-top-level menu-item-top-level-4\"><a href=\"#\" itemprop=\"url\"><span class=\"avia-bullet\"><\/span><span class=\"avia-menu-text\">Rotas &#038; Roteiros<\/span><span class=\"avia-menu-fx\"><span class=\"avia-arrow-wrap\"><span class=\"avia-arrow\"><\/span><\/span><\/span><\/a>\n\n\n<ul class=\"sub-menu\">\n\t<li id=\"menu-item-7654\" class=\"menu-item menu-item-type-post_type menu-item-object-page\"><a href=\"http:\/\/mapasturon.com.br\/site\/rota-centenaria-ibiuna-sp\/\" itemprop=\"url\"><span class=\"avia-bullet\"><\/span><span class=\"avia-menu-text\">Rota Centen\u00e1ria Ibi\u00fana<\/span><\/a><\/li>\n\t<li id=\"menu-item-7659\" class=\"menu-item menu-item-type-post_type menu-item-object-page\"><a href=\"http:\/\/mapasturon.com.br\/site\/rota-para-o-santuario\/\" itemprop=\"url\"><span class=\"avia-bullet\"><\/span><span class=\"avia-menu-text\">Rota Para o Santu\u00e1rio<\/span><\/a><\/li>\n\t<li id=\"menu-item-7662\" class=\"menu-item menu-item-type-post_type menu-item-object-page\"><a href=\"http:\/\/mapasturon.com.br\/site\/rt-cicloturismo\/\" itemprop=\"url\"><span class=\"avia-bullet\"><\/span><span class=\"avia-menu-text\">Circuito Mata Atl\u00e2ntica<\/span><\/a><\/li>\n\t<li id=\"menu-item-7656\" class=\"menu-item menu-item-type-post_type menu-item-object-page\"><a href=\"http:\/\/mapasturon.com.br\/site\/rota-do-jurupara\/\" itemprop=\"url\"><span class=\"avia-bullet\"><\/span><span class=\"avia-menu-text\">Rota do Jurupar\u00e1<\/span><\/a><\/li>\n\t<li id=\"menu-item-7658\" class=\"menu-item menu-item-type-post_type menu-item-object-page\"><a href=\"http:\/\/mapasturon.com.br\/site\/rota-itupararanga\/\" itemprop=\"url\"><span class=\"avia-bullet\"><\/span><span class=\"avia-menu-text\">Rota Itupararanga<\/span><\/a><\/li>\n\t<li id=\"menu-item-7657\" class=\"menu-item menu-item-type-post_type menu-item-object-page\"><a href=\"http:\/\/mapasturon.com.br\/site\/rota-dos-mananciais\/\" itemprop=\"url\"><span class=\"avia-bullet\"><\/span><span class=\"avia-menu-text\">Rota dos Mananciais<\/span><\/a><\/li>\n\t<li id=\"menu-item-7655\" class=\"menu-item menu-item-type-post_type menu-item-object-page\"><a href=\"http:\/\/mapasturon.com.br\/site\/rota-da-figueira\/\" itemprop=\"url\"><span class=\"avia-bullet\"><\/span><span class=\"avia-menu-text\">Rota da Figueira<\/span><\/a><\/li>\n<\/ul>\n<\/li>\n<li id=\"menu-item-7837\" class=\"menu-item menu-item-type-post_type menu-item-object-page menu-item-top-level menu-item-top-level-5\"><a href=\"http:\/\/mapasturon.com.br\/site\/microrregioes\/\" itemprop=\"url\"><span class=\"avia-bullet\"><\/span><span class=\"avia-menu-text\">Microrregi\u00f5es<\/span><span class=\"avia-menu-fx\"><span class=\"avia-arrow-wrap\"><span class=\"avia-arrow\"><\/span><\/span><\/span><\/a><\/li>\n<li id=\"menu-item-7885\" class=\"menu-item menu-item-type-custom menu-item-object-custom menu-item-has-children menu-item-top-level menu-item-top-level-6\"><a href=\"#\" itemprop=\"url\"><span class=\"avia-bullet\"><\/span><span class=\"avia-menu-text\">Artesanais<\/span><span class=\"avia-menu-fx\"><span class=\"avia-arrow-wrap\"><span class=\"avia-arrow\"><\/span><\/span><\/span><\/a>\n\n\n<ul class=\"sub-menu\">\n\t<li id=\"menu-item-7888\" class=\"menu-item menu-item-type-custom menu-item-object-custom\"><a target=\"_blank\" href=\"https:\/\/www.instagram.com\/hullaprodutos\/\" itemprop=\"url\"><span class=\"avia-bullet\"><\/span><span class=\"avia-menu-text\">Hulla Cervejas e Molhos<\/span><\/a><\/li>\n\t<li id=\"menu-item-7887\" class=\"menu-item menu-item-type-custom menu-item-object-custom\"><a target=\"_blank\" href=\"https:\/\/www.instagram.com\/yumis_coffee\/\" itemprop=\"url\"><span class=\"avia-bullet\"><\/span><span class=\"avia-menu-text\">Yumis Coffee<\/span><\/a><\/li>\n<\/ul>\n<\/li>\n<li id=\"menu-item-7665\" class=\"menu-item menu-item-type-custom menu-item-object-custom menu-item-has-children menu-item-top-level menu-item-top-level-7\"><a href=\"#\" itemprop=\"url\"><span class=\"avia-bullet\"><\/span><span class=\"avia-menu-text\">Gastronomia<\/span><span class=\"avia-menu-fx\"><span class=\"avia-arrow-wrap\"><span class=\"avia-arrow\"><\/span><\/span><\/span><\/a>\n\n\n<ul class=\"sub-menu\">\n\t<li id=\"menu-item-7688\" class=\"menu-item menu-item-type-custom menu-item-object-custom\"><a href=\"https:\/\/mapasturon.com.br\/site\/ponto-turistico\/cabanha-mulekinha\/\" itemprop=\"url\"><span class=\"avia-bullet\"><\/span><span class=\"avia-menu-text\">Cabanha Molekinha<\/span><\/a><\/li>\n\t<li id=\"menu-item-7687\" class=\"menu-item menu-item-type-custom menu-item-object-custom\"><a href=\"https:\/\/mapasturon.com.br\/site\/ponto-turistico\/padaria-hinode\/\" itemprop=\"url\"><span class=\"avia-bullet\"><\/span><span class=\"avia-menu-text\">Padaria Hinode<\/span><\/a><\/li>\n<\/ul>\n<\/li>\n<li id=\"menu-item-7663\" class=\"menu-item menu-item-type-custom menu-item-object-custom menu-item-has-children menu-item-top-level menu-item-top-level-8\"><a href=\"#\" itemprop=\"url\"><span class=\"avia-bullet\"><\/span><span class=\"avia-menu-text\">Hotelaria<\/span><span class=\"avia-menu-fx\"><span class=\"avia-arrow-wrap\"><span class=\"avia-arrow\"><\/span><\/span><\/span><\/a>\n\n\n<ul class=\"sub-menu\">\n\t<li id=\"menu-item-7686\" class=\"menu-item menu-item-type-custom menu-item-object-custom\"><a target=\"_blank\" href=\"https:\/\/clararesorts.com.br\/\" itemprop=\"url\"><span class=\"avia-bullet\"><\/span><span class=\"avia-menu-text\">Clara Resorts<\/span><\/a><\/li>\n<\/ul>\n<\/li>\n<\/ul><\/div><\/div><div class='sticky_placeholder'><\/div>\n<div style='padding-bottom:0px;font-size:40px;' class='av-special-heading av-special-heading-h1  blockquote modern-quote modern-centered   av-inherit-size  av-desktop-hide av-medium-hide av-small-hide av-mini-hide'><h1 class='av-special-heading-tag '  itemprop=\"headline\"  >Rota Itupararanga &#8211; Ibi\u00fana &#8211; SP<\/h1><div class ='av-subheading av-subheading_below  ' style='font-size:15px;'><p>Conhe\u00e7a as rotas cicl\u00edsticas de Ibi\u00fana.<\/p>\n<\/div><div class='special-heading-border'><div class='special-heading-inner-border' ><\/div><\/div><\/div>\n<div  class='hr hr-default  av-desktop-hide av-medium-hide av-small-hide av-mini-hide  '><span class='hr-inner ' ><span class='hr-inner-style'><\/span><\/span><\/div>\n<section class=\"avia_codeblock_section  avia_code_block_0\"  itemscope=\"itemscope\" itemtype=\"https:\/\/schema.org\/CreativeWork\" ><div class='avia_codeblock hotspot-container-centralizado'  itemprop=\"text\" > [avia_codeblock_placeholder uid=\"0\"] <\/div><\/section>\n<div class='flex_column_table av-equal-height-column-flextable -flextable' ><div class=\"flex_column av_one_full  flex_column_table_cell av-equal-height-column av-align-top av-zero-column-padding first  largura-max-1280 \" style='border-radius:0px; '><p><div  class='avia-video avia-video-16-9  largura-max-1280 '  itemprop=\"video\" itemtype=\"https:\/\/schema.org\/VideoObject\" ><div class='avia-iframe-wrap'><iframe loading=\"lazy\" width=\"1500\" height=\"844\" src=\"https:\/\/www.youtube.com\/embed\/rEO_ftOnDDw?feature=oembed\" frameborder=\"0\" allow=\"accelerometer; autoplay; clipboard-write; encrypted-media; gyroscope; picture-in-picture\" allowfullscreen><\/iframe><\/div><\/div><br \/>\n<div class='avia-gallery  avia-gallery-1 avia_lazyload avia_animate_when_visible  largura-max-1280'  itemprop=\"ImageObject\" itemscope=\"itemscope\" itemtype=\"https:\/\/schema.org\/ImageObject\" ><div class='avia-gallery-thumb'> <a href='http:\/\/mapasturon.com.br\/site\/wp-content\/uploads\/2021\/08\/P_20210525_145726_1-1030x580.jpg' data-rel='gallery-1' data-prev-img='http:\/\/mapasturon.com.br\/site\/wp-content\/uploads\/2021\/08\/P_20210525_145726_1-495x400.jpg' class='first_thumb lightbox ' data-onclick='1' title=''  itemprop=\"thumbnailUrl\" ><img  src='http:\/\/mapasturon.com.br\/site\/wp-content\/uploads\/2021\/08\/P_20210525_145726_1-495x400.jpg' width='495' height='400'  title='P_20210525_145726_1' alt='' \/><\/a> <a href='http:\/\/mapasturon.com.br\/site\/wp-content\/uploads\/2021\/08\/P_20210525_151334_1-1030x580.jpg' data-rel='gallery-1' data-prev-img='http:\/\/mapasturon.com.br\/site\/wp-content\/uploads\/2021\/08\/P_20210525_151334_1-495x400.jpg' class='lightbox ' data-onclick='2' title=''  itemprop=\"thumbnailUrl\" ><img  src='http:\/\/mapasturon.com.br\/site\/wp-content\/uploads\/2021\/08\/P_20210525_151334_1-495x400.jpg' width='495' height='400'  title='P_20210525_151334_1' alt='' \/><\/a> <a href='http:\/\/mapasturon.com.br\/site\/wp-content\/uploads\/2021\/08\/P_20210525_151658_1-1030x580.jpg' data-rel='gallery-1' data-prev-img='http:\/\/mapasturon.com.br\/site\/wp-content\/uploads\/2021\/08\/P_20210525_151658_1-495x400.jpg' class='lightbox ' data-onclick='3' title=''  itemprop=\"thumbnailUrl\" ><img  src='http:\/\/mapasturon.com.br\/site\/wp-content\/uploads\/2021\/08\/P_20210525_151658_1-495x400.jpg' width='495' height='400'  title='P_20210525_151658_1' alt='' \/><\/a> <a href='http:\/\/mapasturon.com.br\/site\/wp-content\/uploads\/2021\/08\/P_20210525_152331_1-1030x580.jpg' data-rel='gallery-1' data-prev-img='http:\/\/mapasturon.com.br\/site\/wp-content\/uploads\/2021\/08\/P_20210525_152331_1-495x400.jpg' class='lightbox ' data-onclick='4' title=''  itemprop=\"thumbnailUrl\" ><img  src='http:\/\/mapasturon.com.br\/site\/wp-content\/uploads\/2021\/08\/P_20210525_152331_1-495x400.jpg' width='495' height='400'  title='P_20210525_152331_1' alt='' \/><\/a> <a href='http:\/\/mapasturon.com.br\/site\/wp-content\/uploads\/2021\/08\/P_20210525_155820_1-579x1030.jpg' data-rel='gallery-1' data-prev-img='http:\/\/mapasturon.com.br\/site\/wp-content\/uploads\/2021\/08\/P_20210525_155820_1-495x400.jpg' class='lightbox ' data-onclick='5' title=''  itemprop=\"thumbnailUrl\" ><img  src='http:\/\/mapasturon.com.br\/site\/wp-content\/uploads\/2021\/08\/P_20210525_155820_1-495x400.jpg' width='495' height='400'  title='P_20210525_155820_1' alt='' \/><\/a> <a href='http:\/\/mapasturon.com.br\/site\/wp-content\/uploads\/2021\/08\/Prainha-dp-Escrit\u00f3rio-1030x580.jpg' data-rel='gallery-1' data-prev-img='http:\/\/mapasturon.com.br\/site\/wp-content\/uploads\/2021\/08\/Prainha-dp-Escrit\u00f3rio-495x400.jpg' class='first_thumb lightbox ' data-onclick='6' title=''  itemprop=\"thumbnailUrl\" ><img  src='http:\/\/mapasturon.com.br\/site\/wp-content\/uploads\/2021\/08\/Prainha-dp-Escrit\u00f3rio-495x400.jpg' width='495' height='400'  title='Prainha-dp-Escrit\u00f3rio' alt='' \/><\/a> <a href='http:\/\/mapasturon.com.br\/site\/wp-content\/uploads\/2021\/08\/Represa-de-Itupararanga-1030x580.jpg' data-rel='gallery-1' data-prev-img='http:\/\/mapasturon.com.br\/site\/wp-content\/uploads\/2021\/08\/Represa-de-Itupararanga-495x400.jpg' class='lightbox ' data-onclick='7' title=''  itemprop=\"thumbnailUrl\" ><img  src='http:\/\/mapasturon.com.br\/site\/wp-content\/uploads\/2021\/08\/Represa-de-Itupararanga-495x400.jpg' width='495' height='400'  title='Represa-de-Itupararanga' alt='' \/><\/a> <a href='http:\/\/mapasturon.com.br\/site\/wp-content\/uploads\/2021\/08\/Represa-Itupararanga-Mirela-579x1030.jpg' data-rel='gallery-1' data-prev-img='http:\/\/mapasturon.com.br\/site\/wp-content\/uploads\/2021\/08\/Represa-Itupararanga-Mirela-495x400.jpg' class='lightbox ' data-onclick='8' title=''  itemprop=\"thumbnailUrl\" ><img  src='http:\/\/mapasturon.com.br\/site\/wp-content\/uploads\/2021\/08\/Represa-Itupararanga-Mirela-495x400.jpg' width='495' height='400'  title='Represa-Itupararanga-Mirela' alt='' \/><\/a> <a href='http:\/\/mapasturon.com.br\/site\/wp-content\/uploads\/2018\/05\/Vista-do-Varj\u00e3o-1030x579.jpg' data-rel='gallery-1' data-prev-img='http:\/\/mapasturon.com.br\/site\/wp-content\/uploads\/2018\/05\/Vista-do-Varj\u00e3o-495x400.jpg' class='lightbox ' data-onclick='9' title=''  itemprop=\"thumbnailUrl\" ><img  src='http:\/\/mapasturon.com.br\/site\/wp-content\/uploads\/2018\/05\/Vista-do-Varj\u00e3o-495x400.jpg' width='495' height='400'  title='Vista-do-Varj\u00e3o' alt='' \/><\/a> <a href='http:\/\/mapasturon.com.br\/site\/wp-content\/uploads\/2018\/05\/Vista-da-Represa-1030x579.jpg' data-rel='gallery-1' data-prev-img='http:\/\/mapasturon.com.br\/site\/wp-content\/uploads\/2018\/05\/Vista-da-Represa-495x400.jpg' class='lightbox ' data-onclick='10' title=''  itemprop=\"thumbnailUrl\" ><img  src='http:\/\/mapasturon.com.br\/site\/wp-content\/uploads\/2018\/05\/Vista-da-Represa-495x400.jpg' width='495' height='400'  title='Vista-da-Represa' alt='' \/><\/a><\/div><\/div><br \/>\n<section class=\"av_textblock_section \"  itemscope=\"itemscope\" itemtype=\"https:\/\/schema.org\/CreativeWork\" ><div class='avia_textblock largura-max-1280 '   itemprop=\"text\" ><h1 class=\"western\" style=\"text-align: center;\"><span style=\"font-family: Liberation Serif, serif;\"><span style=\"font-size: medium;\"><b>Rota Itupararanga\u00a0<\/b><\/span><\/span><\/h1>\n<p class=\"western\" style=\"text-align: justify;\"><span style=\"font-family: Arial, sans-serif;\"><span style=\"font-size: medium;\"><img loading=\"lazy\" decoding=\"async\" class=\"size-full wp-image-6415 alignleft\" src=\"http:\/\/mapasturon.com.br\/site\/wp-content\/uploads\/2021\/08\/ibiunamtb.jpg\" alt=\"\" width=\"340\" height=\"351\" srcset=\"http:\/\/mapasturon.com.br\/site\/wp-content\/uploads\/2021\/08\/ibiunamtb.jpg 340w, http:\/\/mapasturon.com.br\/site\/wp-content\/uploads\/2021\/08\/ibiunamtb-77x80.jpg 77w, http:\/\/mapasturon.com.br\/site\/wp-content\/uploads\/2021\/08\/ibiunamtb-291x300.jpg 291w, http:\/\/mapasturon.com.br\/site\/wp-content\/uploads\/2021\/08\/ibiunamtb-36x36.jpg 36w, http:\/\/mapasturon.com.br\/site\/wp-content\/uploads\/2021\/08\/ibiunamtb-145x150.jpg 145w, http:\/\/mapasturon.com.br\/site\/wp-content\/uploads\/2021\/08\/ibiunamtb-116x120.jpg 116w\" sizes=\"auto, (max-width: 340px) 100vw, 340px\" \/>A represa de Itupararanga f<span style=\"color: #202122;\">oi constru\u00edda pela\u00a0Light<\/span><span style=\"color: #202122;\">\u00a0<\/span><span style=\"color: #202122;\">em 1912 no canyon do rio Sorocaba<\/span>\u00a0formando assim esse grande\u00a0reservat\u00f3rio\u00a0<span style=\"color: #202122;\">que fornece energia el\u00e9trica apenas para as ind\u00fastrias do Grupo Votorantim, como a F\u00e1brica de Cimento Votoran em Santa Helena e a f\u00e1brica da\u00a0Companhia\u00a0Brasileira de Alum\u00ednio.<\/span><\/span><\/span><\/p>\n<p class=\"western\" style=\"text-align: justify;\"><span style=\"font-family: Arial, sans-serif;\"><span style=\"font-size: medium;\"><span style=\"color: #202122;\">A rota se inicia no centro da cidade na Capela do bom Jesus da pris\u00e3o seguindo para o bairro da Cachoeira, o p<\/span><span style=\"color: #000000;\">edal tem 95% de estrada pavimentada, que seu acesso \u00e9 pela portaria do Clara Resort.<\/span><\/span><\/span><\/p>\n<p class=\"western\" style=\"text-align: justify;\"><span style=\"font-family: Arial, sans-serif;\"><span style=\"font-size: medium;\"><span style=\"color: #000000;\">Alguns trechos do percurso temos uma bela vista da represa e da forma\u00e7\u00e3o do Rio Sorocaba.<\/span><\/span><\/span><\/p>\n<p class=\"western\" style=\"text-align: justify;\"><span style=\"font-family: Arial, sans-serif;\"><span style=\"font-size: medium;\"><span style=\"color: #202122;\">Dados da Rota<\/span><\/span><\/span><\/p>\n<p class=\"western\" style=\"text-align: justify;\"><span style=\"font-family: Arial, sans-serif;\"><span style=\"font-size: medium;\">27 km com 500 m de eleva\u00e7\u00e3o\u00a0<\/span><\/span><\/p>\n<p class=\"western\" style=\"text-align: justify;\"><span style=\"font-family: Arial, sans-serif;\"><span style=\"font-size: medium;\">2:15 hs Estimativa de tempo em movimento\u00a0<\/span><\/span><\/p>\n<p class=\"western\" style=\"text-align: justify;\">\u00a0<span style=\"font-family: Arial, sans-serif;\"><span style=\"font-size: medium;\">Km 5,6 \u2013 Capela Nossa Senhora do Bom Parto\u00a0<\/span><\/span><\/p>\n<p class=\"western\" style=\"text-align: justify;\"><span style=\"font-family: Arial, sans-serif;\"><span style=\"font-size: medium;\">Km 13,7 \u2013 Represa de Itupararanga\u00a0<\/span><\/span><\/p>\n<p class=\"western\" style=\"text-align: justify;\"><span style=\"font-family: Arial, sans-serif;\"><span style=\"font-size: medium;\">Venha pedalar com a gente,<\/span><\/span><\/p>\n<p class=\"western\" style=\"text-align: justify;\"><span style=\"font-family: Arial, sans-serif;\"><span style=\"font-size: medium;\">Guia especializado 15 99700-2240 \u2013 falar com Waldemar.\u00a0<\/span><\/span><\/p>\n<p class=\"western\" style=\"text-align: justify;\"><span style=\"font-family: Arial, sans-serif;\"><span style=\"font-size: medium;\">Nos siga nas redes sociais: @ibiunamtb\u00a0<\/span><\/span><\/p>\n<\/div><\/section><\/p><\/div><\/div><!--close column table wrapper. Autoclose: 1 -->\n","protected":false},"excerpt":{"rendered":"","protected":false},"author":1,"featured_media":0,"parent":0,"menu_order":0,"comment_status":"closed","ping_status":"closed","template":"","meta":{"footnotes":""},"class_list":["post-6140","page","type-page","status-publish","hentry"],"_links":{"self":[{"href":"http:\/\/mapasturon.com.br\/site\/wp-json\/wp\/v2\/pages\/6140","targetHints":{"allow":["GET"]}}],"collection":[{"href":"http:\/\/mapasturon.com.br\/site\/wp-json\/wp\/v2\/pages"}],"about":[{"href":"http:\/\/mapasturon.com.br\/site\/wp-json\/wp\/v2\/types\/page"}],"author":[{"embeddable":true,"href":"http:\/\/mapasturon.com.br\/site\/wp-json\/wp\/v2\/users\/1"}],"replies":[{"embeddable":true,"href":"http:\/\/mapasturon.com.br\/site\/wp-json\/wp\/v2\/comments?post=6140"}],"version-history":[{"count":11,"href":"http:\/\/mapasturon.com.br\/site\/wp-json\/wp\/v2\/pages\/6140\/revisions"}],"predecessor-version":[{"id":7862,"href":"http:\/\/mapasturon.com.br\/site\/wp-json\/wp\/v2\/pages\/6140\/revisions\/7862"}],"wp:attachment":[{"href":"http:\/\/mapasturon.com.br\/site\/wp-json\/wp\/v2\/media?parent=6140"}],"curies":[{"name":"wp","href":"https:\/\/api.w.org\/{rel}","templated":true}]}}