{"id":6121,"date":"2021-07-31T10:41:01","date_gmt":"2021-07-31T13:41:01","guid":{"rendered":"http:\/\/mapasturon.com.br\/home\/?page_id=6121"},"modified":"2025-06-17T01:36:34","modified_gmt":"2025-06-17T04:36:34","slug":"rota-centenaria-ibiuna-sp","status":"publish","type":"page","link":"http:\/\/mapasturon.com.br\/site\/rota-centenaria-ibiuna-sp\/","title":{"rendered":"Rota Centen\u00e1ria Ibi\u00fana &#8211; SP"},"content":{"rendered":"<\/div><\/div><\/div><!-- close content main div --><\/div><\/div><div class='clear'><\/div><div id='sub_menu1' class='av-submenu-container socket_color   av-sticky-submenu container_wrap fullsize'   style='z-index:301'><div class='container av-menu-mobile-disabled '><ul id=\"menu-menumapasibiuna\" class=\"av-subnav-menu av-submenu-pos-center\"><li id=\"menu-item-7876\" class=\"menu-item menu-item-type-post_type menu-item-object-page menu-item-top-level menu-item-top-level-1\"><a href=\"http:\/\/mapasturon.com.br\/site\/ibiuna-sp\/\" itemprop=\"url\"><span class=\"avia-bullet\"><\/span><span class=\"avia-menu-text\">Mapa Principal<\/span><span class=\"avia-menu-fx\"><span class=\"avia-arrow-wrap\"><span class=\"avia-arrow\"><\/span><\/span><\/span><\/a><\/li>\n<li id=\"menu-item-7651\" class=\"menu-item menu-item-type-post_type menu-item-object-page menu-item-top-level menu-item-top-level-2\"><a href=\"http:\/\/mapasturon.com.br\/site\/mapa-centro-ibiuna\/\" itemprop=\"url\"><span class=\"avia-bullet\"><\/span><span class=\"avia-menu-text\">Mapa Centro<\/span><span class=\"avia-menu-fx\"><span class=\"avia-arrow-wrap\"><span class=\"avia-arrow\"><\/span><\/span><\/span><\/a><\/li>\n<li id=\"menu-item-7689\" class=\"menu-item menu-item-type-custom menu-item-object-custom menu-item-has-children menu-item-top-level menu-item-top-level-3\"><a href=\"#\" itemprop=\"url\"><span class=\"avia-bullet\"><\/span><span class=\"avia-menu-text\">Cicloturismo<\/span><span class=\"avia-menu-fx\"><span class=\"avia-arrow-wrap\"><span class=\"avia-arrow\"><\/span><\/span><\/span><\/a>\n\n\n<ul class=\"sub-menu\">\n\t<li id=\"menu-item-7650\" class=\"menu-item menu-item-type-post_type menu-item-object-page\"><a href=\"http:\/\/mapasturon.com.br\/site\/cicloturismo-ibiuna-sp\/\" itemprop=\"url\"><span class=\"avia-bullet\"><\/span><span class=\"avia-menu-text\">Cicloturismo Ibi\u00fana SP<\/span><\/a><\/li>\n<\/ul>\n<\/li>\n<li id=\"menu-item-7875\" class=\"menu-item menu-item-type-custom menu-item-object-custom menu-item-has-children menu-item-top-level menu-item-top-level-4\"><a href=\"#\" itemprop=\"url\"><span class=\"avia-bullet\"><\/span><span class=\"avia-menu-text\">Rotas &#038; Roteiros<\/span><span class=\"avia-menu-fx\"><span class=\"avia-arrow-wrap\"><span class=\"avia-arrow\"><\/span><\/span><\/span><\/a>\n\n\n<ul class=\"sub-menu\">\n\t<li id=\"menu-item-7654\" class=\"menu-item menu-item-type-post_type menu-item-object-page\"><a href=\"http:\/\/mapasturon.com.br\/site\/rota-centenaria-ibiuna-sp\/\" itemprop=\"url\"><span class=\"avia-bullet\"><\/span><span class=\"avia-menu-text\">Rota Centen\u00e1ria Ibi\u00fana<\/span><\/a><\/li>\n\t<li id=\"menu-item-7659\" class=\"menu-item menu-item-type-post_type menu-item-object-page\"><a href=\"http:\/\/mapasturon.com.br\/site\/rota-para-o-santuario\/\" itemprop=\"url\"><span class=\"avia-bullet\"><\/span><span class=\"avia-menu-text\">Rota Para o Santu\u00e1rio<\/span><\/a><\/li>\n\t<li id=\"menu-item-7662\" class=\"menu-item menu-item-type-post_type menu-item-object-page\"><a href=\"http:\/\/mapasturon.com.br\/site\/rt-cicloturismo\/\" itemprop=\"url\"><span class=\"avia-bullet\"><\/span><span class=\"avia-menu-text\">Circuito Mata Atl\u00e2ntica<\/span><\/a><\/li>\n\t<li id=\"menu-item-7656\" class=\"menu-item menu-item-type-post_type menu-item-object-page\"><a href=\"http:\/\/mapasturon.com.br\/site\/rota-do-jurupara\/\" itemprop=\"url\"><span class=\"avia-bullet\"><\/span><span class=\"avia-menu-text\">Rota do Jurupar\u00e1<\/span><\/a><\/li>\n\t<li id=\"menu-item-7658\" class=\"menu-item menu-item-type-post_type menu-item-object-page\"><a href=\"http:\/\/mapasturon.com.br\/site\/rota-itupararanga\/\" itemprop=\"url\"><span class=\"avia-bullet\"><\/span><span class=\"avia-menu-text\">Rota Itupararanga<\/span><\/a><\/li>\n\t<li id=\"menu-item-7657\" class=\"menu-item menu-item-type-post_type menu-item-object-page\"><a href=\"http:\/\/mapasturon.com.br\/site\/rota-dos-mananciais\/\" itemprop=\"url\"><span class=\"avia-bullet\"><\/span><span class=\"avia-menu-text\">Rota dos Mananciais<\/span><\/a><\/li>\n\t<li id=\"menu-item-7655\" class=\"menu-item menu-item-type-post_type menu-item-object-page\"><a href=\"http:\/\/mapasturon.com.br\/site\/rota-da-figueira\/\" itemprop=\"url\"><span class=\"avia-bullet\"><\/span><span class=\"avia-menu-text\">Rota da Figueira<\/span><\/a><\/li>\n<\/ul>\n<\/li>\n<li id=\"menu-item-7837\" class=\"menu-item menu-item-type-post_type menu-item-object-page menu-item-top-level menu-item-top-level-5\"><a href=\"http:\/\/mapasturon.com.br\/site\/microrregioes\/\" itemprop=\"url\"><span class=\"avia-bullet\"><\/span><span class=\"avia-menu-text\">Microrregi\u00f5es<\/span><span class=\"avia-menu-fx\"><span class=\"avia-arrow-wrap\"><span class=\"avia-arrow\"><\/span><\/span><\/span><\/a><\/li>\n<li id=\"menu-item-7885\" class=\"menu-item menu-item-type-custom menu-item-object-custom menu-item-has-children menu-item-top-level menu-item-top-level-6\"><a href=\"#\" itemprop=\"url\"><span class=\"avia-bullet\"><\/span><span class=\"avia-menu-text\">Artesanais<\/span><span class=\"avia-menu-fx\"><span class=\"avia-arrow-wrap\"><span class=\"avia-arrow\"><\/span><\/span><\/span><\/a>\n\n\n<ul class=\"sub-menu\">\n\t<li id=\"menu-item-7888\" class=\"menu-item menu-item-type-custom menu-item-object-custom\"><a target=\"_blank\" href=\"https:\/\/www.instagram.com\/hullaprodutos\/\" itemprop=\"url\"><span class=\"avia-bullet\"><\/span><span class=\"avia-menu-text\">Hulla Cervejas e Molhos<\/span><\/a><\/li>\n\t<li id=\"menu-item-7887\" class=\"menu-item menu-item-type-custom menu-item-object-custom\"><a target=\"_blank\" href=\"https:\/\/www.instagram.com\/yumis_coffee\/\" itemprop=\"url\"><span class=\"avia-bullet\"><\/span><span class=\"avia-menu-text\">Yumis Coffee<\/span><\/a><\/li>\n<\/ul>\n<\/li>\n<li id=\"menu-item-7665\" class=\"menu-item menu-item-type-custom menu-item-object-custom menu-item-has-children menu-item-top-level menu-item-top-level-7\"><a href=\"#\" itemprop=\"url\"><span class=\"avia-bullet\"><\/span><span class=\"avia-menu-text\">Gastronomia<\/span><span class=\"avia-menu-fx\"><span class=\"avia-arrow-wrap\"><span class=\"avia-arrow\"><\/span><\/span><\/span><\/a>\n\n\n<ul class=\"sub-menu\">\n\t<li id=\"menu-item-7688\" class=\"menu-item menu-item-type-custom menu-item-object-custom\"><a href=\"https:\/\/mapasturon.com.br\/site\/ponto-turistico\/cabanha-mulekinha\/\" itemprop=\"url\"><span class=\"avia-bullet\"><\/span><span class=\"avia-menu-text\">Cabanha Molekinha<\/span><\/a><\/li>\n\t<li id=\"menu-item-7687\" class=\"menu-item menu-item-type-custom menu-item-object-custom\"><a href=\"https:\/\/mapasturon.com.br\/site\/ponto-turistico\/padaria-hinode\/\" itemprop=\"url\"><span class=\"avia-bullet\"><\/span><span class=\"avia-menu-text\">Padaria Hinode<\/span><\/a><\/li>\n<\/ul>\n<\/li>\n<li id=\"menu-item-7663\" class=\"menu-item menu-item-type-custom menu-item-object-custom menu-item-has-children menu-item-top-level menu-item-top-level-8\"><a href=\"#\" itemprop=\"url\"><span class=\"avia-bullet\"><\/span><span class=\"avia-menu-text\">Hotelaria<\/span><span class=\"avia-menu-fx\"><span class=\"avia-arrow-wrap\"><span class=\"avia-arrow\"><\/span><\/span><\/span><\/a>\n\n\n<ul class=\"sub-menu\">\n\t<li id=\"menu-item-7686\" class=\"menu-item menu-item-type-custom menu-item-object-custom\"><a target=\"_blank\" href=\"https:\/\/clararesorts.com.br\/\" itemprop=\"url\"><span class=\"avia-bullet\"><\/span><span class=\"avia-menu-text\">Clara Resorts<\/span><\/a><\/li>\n<\/ul>\n<\/li>\n<\/ul><\/div><\/div><div class='sticky_placeholder'><\/div>\n<div style='padding-bottom:0px;font-size:40px;' class='av-special-heading av-special-heading-h1  blockquote modern-quote modern-centered   av-inherit-size  av-desktop-hide av-medium-hide av-small-hide av-mini-hide'><h1 class='av-special-heading-tag '  itemprop=\"headline\"  >Rota Centen\u00e1ria Ibi\u00fana &#8211; SP<\/h1><div class ='av-subheading av-subheading_below  ' style='font-size:15px;'><p>Conhe\u00e7a as rotas cicl\u00edsticas de Ibi\u00fana.<\/p>\n<\/div><div class='special-heading-border'><div class='special-heading-inner-border' ><\/div><\/div><\/div>\n<div  class='hr hr-default  av-desktop-hide av-medium-hide av-small-hide av-mini-hide  '><span class='hr-inner ' ><span class='hr-inner-style'><\/span><\/span><\/div>\n<div class=\"flex_column av_one_full  flex_column_div av-zero-column-padding first  hotspot-container-centralizado \" style='border-radius:0px; '><section class=\"avia_codeblock_section  avia_code_block_0\"  itemscope=\"itemscope\" itemtype=\"https:\/\/schema.org\/CreativeWork\" ><div class='avia_codeblock '  itemprop=\"text\" > [avia_codeblock_placeholder uid=\"0\"] <\/div><\/section><\/div>\n","protected":false},"excerpt":{"rendered":"","protected":false},"author":1,"featured_media":0,"parent":0,"menu_order":0,"comment_status":"closed","ping_status":"closed","template":"","meta":{"footnotes":""},"class_list":["post-6121","page","type-page","status-publish","hentry"],"_links":{"self":[{"href":"http:\/\/mapasturon.com.br\/site\/wp-json\/wp\/v2\/pages\/6121","targetHints":{"allow":["GET"]}}],"collection":[{"href":"http:\/\/mapasturon.com.br\/site\/wp-json\/wp\/v2\/pages"}],"about":[{"href":"http:\/\/mapasturon.com.br\/site\/wp-json\/wp\/v2\/types\/page"}],"author":[{"embeddable":true,"href":"http:\/\/mapasturon.com.br\/site\/wp-json\/wp\/v2\/users\/1"}],"replies":[{"embeddable":true,"href":"http:\/\/mapasturon.com.br\/site\/wp-json\/wp\/v2\/comments?post=6121"}],"version-history":[{"count":5,"href":"http:\/\/mapasturon.com.br\/site\/wp-json\/wp\/v2\/pages\/6121\/revisions"}],"predecessor-version":[{"id":7859,"href":"http:\/\/mapasturon.com.br\/site\/wp-json\/wp\/v2\/pages\/6121\/revisions\/7859"}],"wp:attachment":[{"href":"http:\/\/mapasturon.com.br\/site\/wp-json\/wp\/v2\/media?parent=6121"}],"curies":[{"name":"wp","href":"https:\/\/api.w.org\/{rel}","templated":true}]}}