{"id":5390,"date":"2020-08-03T16:34:23","date_gmt":"2020-08-03T19:34:23","guid":{"rendered":"http:\/\/mapasturon.com.br\/home\/?page_id=5390"},"modified":"2020-08-03T19:01:09","modified_gmt":"2020-08-03T22:01:09","slug":"centro-itapecerica-da-serra","status":"publish","type":"page","link":"http:\/\/mapasturon.com.br\/site\/centro-itapecerica-da-serra\/","title":{"rendered":"Mapa Centro Itapecerica da Serra"},"content":{"rendered":"<section class=\"av_textblock_section \"  itemscope=\"itemscope\" itemtype=\"https:\/\/schema.org\/CreativeWork\" ><div class='avia_textblock  '   itemprop=\"text\" ><p style=\"text-align: left;\"><a href=\"http:\/\/mapasturon.com.br\/site\/itapecerica-da-serra\/\"><strong>\u2190Mapa Tur\u00edstico<\/strong><\/a><\/p>\n<\/div><\/section>\n<section class=\"avia_codeblock_section  avia_code_block_0\"  itemscope=\"itemscope\" itemtype=\"https:\/\/schema.org\/CreativeWork\" ><div class='avia_codeblock '  itemprop=\"text\" > [avia_codeblock_placeholder uid=\"0\"] <\/div><\/section>\n<div  data-size='featured'  data-lightbox_size='large'  data-animation='slide_up'  data-ids='5272,5303,5308,5297,5286,5280,5249'  data-video_counter='0'  data-autoplay='true'  data-bg_slider='false'  data-slide_height=''  data-handle='av_slideshow'  data-interval='5'  data-class='  '  data-css_id=''  data-scroll_down=''  data-control_layout='av-control-default'  data-custom_markup=''  data-perma_caption='aviaTBperma_caption'  data-autoplay_stopper=''  data-image_attachment=''  data-min_height='0px'  data-default-height='28.666666666667'  class='avia-slideshow avia-slideshow-1  av-control-default av-default-height-applied avia-slideshow-featured av_slideshow    avia-slide_up-slider '  itemprop=\"ImageObject\" itemscope=\"itemscope\" itemtype=\"https:\/\/schema.org\/ImageObject\" ><ul class='avia-slideshow-inner' style='padding-bottom: 59.39226519337%;'><li  class=' slide-1 ' ><div data-rel='slideshow-1' class='avia-slide-wrap'  ><img src='http:\/\/mapasturon.com.br\/site\/wp-content\/uploads\/2020\/08\/04-724x430.jpg' width='724' height='430' title='04' alt=''  itemprop=\"thumbnailUrl\"   \/><\/div><\/li><li  class=' slide-2 ' ><div data-rel='slideshow-1' class='avia-slide-wrap'  ><img src='http:\/\/mapasturon.com.br\/site\/wp-content\/uploads\/2020\/08\/Off-Road-Trilha-do-Verde.03-1030x430.jpg' width='1030' height='430' title='Off Road - Trilha do Verde.03' alt=''  itemprop=\"thumbnailUrl\"   \/><\/div><\/li><li  class=' slide-3 ' ><div data-rel='slideshow-1' class='avia-slide-wrap'  ><img src='http:\/\/mapasturon.com.br\/site\/wp-content\/uploads\/2020\/08\/Mallet-Golf-01-828x430.jpg' width='828' height='430' title='Mallet Golf-01' alt=''  itemprop=\"thumbnailUrl\"   \/><\/div><\/li><li  class=' slide-4 ' ><div data-rel='slideshow-1' class='avia-slide-wrap'  ><img src='http:\/\/mapasturon.com.br\/site\/wp-content\/uploads\/2020\/08\/Convento-Maria-Imaculada8-833x430.jpg' width='833' height='430' title='Convento Maria Imaculada8' alt=''  itemprop=\"thumbnailUrl\"   \/><\/div><\/li><li  class=' slide-5 ' ><div data-rel='slideshow-1' class='avia-slide-wrap'  ><img src='http:\/\/mapasturon.com.br\/site\/wp-content\/uploads\/2020\/08\/Mosteiro-de-S\u00e3o-Geraldo-\u2013-Cela-S\u00e3o-Jos\u00e97-975x430.jpg' width='975' height='430' title='Mosteiro de S\u00e3o Geraldo \u2013 Cela S\u00e3o Jos\u00e97' alt=''  itemprop=\"thumbnailUrl\"   \/><\/div><\/li><li  class=' slide-6 ' ><div data-rel='slideshow-1' class='avia-slide-wrap'  ><img src='http:\/\/mapasturon.com.br\/site\/wp-content\/uploads\/2020\/08\/Mosteiro-de-S\u00e3o-Geraldo-\u2013-Cela-S\u00e3o-Jos\u00e9-1081x430.jpg' width='1081' height='430' title='Mosteiro de S\u00e3o Geraldo \u2013 Cela S\u00e3o Jos\u00e9' alt=''  itemprop=\"thumbnailUrl\"   \/><\/div><\/li><li  class=' slide-7 ' ><div data-rel='slideshow-1' class='avia-slide-wrap'  ><img src='http:\/\/mapasturon.com.br\/site\/wp-content\/uploads\/2020\/08\/festa-do-pe\u00e3o-828x430.jpg' width='828' height='430' title='festa do pe\u00e3o' alt=''  itemprop=\"thumbnailUrl\"   \/><\/div><\/li><\/ul><div class='avia-slideshow-arrows avia-slideshow-controls'><a href='#prev' class='prev-slide' aria-hidden='true' data-av_icon='\ue87c' data-av_iconfont='entypo-fontello'>Anterior<\/a><a href='#next' class='next-slide' aria-hidden='true' data-av_icon='\ue87d' data-av_iconfont='entypo-fontello'>Pr\u00f3ximo<\/a><\/div><div class='avia-slideshow-dots avia-slideshow-controls'><a href='#1' class='goto-slide active' >1<\/a><a href='#2' class='goto-slide ' >2<\/a><a href='#3' class='goto-slide ' >3<\/a><a href='#4' class='goto-slide ' >4<\/a><a href='#5' class='goto-slide ' >5<\/a><a href='#6' class='goto-slide ' >6<\/a><a href='#7' class='goto-slide ' >7<\/a><\/div><div class=\"avia-caption av-slideshow-caption\"><div class=\"avia-inner-caption\"><h2  class='avia-caption-title '  itemprop=\"name\" >Itapecerica da Serra - SP<\/h2><\/div><\/div><\/div>\n","protected":false},"excerpt":{"rendered":"","protected":false},"author":1,"featured_media":0,"parent":0,"menu_order":0,"comment_status":"closed","ping_status":"closed","template":"","meta":{"footnotes":""},"class_list":["post-5390","page","type-page","status-publish","hentry"],"_links":{"self":[{"href":"http:\/\/mapasturon.com.br\/site\/wp-json\/wp\/v2\/pages\/5390","targetHints":{"allow":["GET"]}}],"collection":[{"href":"http:\/\/mapasturon.com.br\/site\/wp-json\/wp\/v2\/pages"}],"about":[{"href":"http:\/\/mapasturon.com.br\/site\/wp-json\/wp\/v2\/types\/page"}],"author":[{"embeddable":true,"href":"http:\/\/mapasturon.com.br\/site\/wp-json\/wp\/v2\/users\/1"}],"replies":[{"embeddable":true,"href":"http:\/\/mapasturon.com.br\/site\/wp-json\/wp\/v2\/comments?post=5390"}],"version-history":[{"count":15,"href":"http:\/\/mapasturon.com.br\/site\/wp-json\/wp\/v2\/pages\/5390\/revisions"}],"predecessor-version":[{"id":5416,"href":"http:\/\/mapasturon.com.br\/site\/wp-json\/wp\/v2\/pages\/5390\/revisions\/5416"}],"wp:attachment":[{"href":"http:\/\/mapasturon.com.br\/site\/wp-json\/wp\/v2\/media?parent=5390"}],"curies":[{"name":"wp","href":"https:\/\/api.w.org\/{rel}","templated":true}]}}