{"id":5028,"date":"2019-05-21T09:29:01","date_gmt":"2019-05-21T12:29:01","guid":{"rendered":"http:\/\/mapasturon.com.br\/home\/?page_id=5028"},"modified":"2020-08-03T19:03:33","modified_gmt":"2020-08-03T22:03:33","slug":"itapecerica-da-serra","status":"publish","type":"page","link":"http:\/\/mapasturon.com.br\/site\/itapecerica-da-serra\/","title":{"rendered":"Itapecerica da Serra"},"content":{"rendered":"<section class=\"av_textblock_section \"  itemscope=\"itemscope\" itemtype=\"https:\/\/schema.org\/CreativeWork\" ><div class='avia_textblock  '   itemprop=\"text\" ><p style=\"text-align: right;\"><strong><a href=\"http:\/\/mapasturon.com.br\/site\/centro-itapecerica-da-serra\/\">Mapa Centro\u2192<\/a><\/strong><\/p>\n<\/div><\/section>\n<section class=\"av_textblock_section \"  itemscope=\"itemscope\" itemtype=\"https:\/\/schema.org\/CreativeWork\" ><div class='avia_textblock  '   itemprop=\"text\" ><p style=\"text-align: center; padding-left: 30px;\"><div class=\"hotspot-container\" data-slideshow=\"false\" data-slideshowdelay=\"5000\" data-autohide=\"true\" data-autohidedelay=\"2000\" data-loop=\"false\" data-triggerby=\"mouseover\" data-sticky=\"\" data-clickimageclose=\"true\" data-dropinease=\"true\" data-displayvideo=\"true\" data-customicon=\"http:\/\/mapasturon.com.br\/site\/wp-content\/uploads\/2018\/05\/2424.png\"><div class=\"popover bottom\" data-easein=\"cardInTop\" data-easeout=\"cardOutTop\" data-width=\"\" data-top=\"229\" data-left=\"529\" data-direction=\"bottom\" style=\"display:none\" data-style=\"\">\n\t\t\t\t\t\t    <div class=\"cq-arrow\"><\/div>\n\t\t\t\t\t\t    <div class=\"popover-inner\"><h4 class=\"popover-title\">Pra\u00e7a da Caixa D\u2019\u00e1gua<\/h4><div class=\"popover-content\">\n\t\t\t\t\t\t        <p><a href=\"http:\/\/mapasturon.com.br\/site\/ponto-turistico\/praca-porcino-rodrigues-praca-da-caixa-dagua\/\"><img loading=\"lazy\" decoding=\"async\" class=\"alignnone wp-image-4190 size-thumbnail\" src=\"http:\/\/mapasturon.com.br\/site\/wp-content\/uploads\/2020\/08\/Pra%C3%A7a-Porcino-Rodrigues-Pra%C3%A7a-da-Caixa-D%E2%80%99%C3%A1gua-450x450.jpg\" alt=\"\" width=\"250\" height=\"167\" \/><\/a><\/p>\n\t\t\t\t\t\t      <\/div>\n\t\t\t\t\t\t    <\/div>\n\t\t\t\t\t\t  <\/div><a href=\"#\" class=\"info-icon cq-hotspot-custom-icon\" data-top=\"229\" data-left=\"529\" data-link=\"\" data-target=\"_self\" style=\"display:none;top:-1000px;\"><span class=\"cq-hotspot-label\" style=\"\"><\/span><\/a><div class=\"info-icon-pulse info-icon-pulse1\"><\/div><div class=\"popover bottom\" data-easein=\"cardInTop\" data-easeout=\"cardOutTop\" data-width=\"\" data-top=\"446\" data-left=\"476\" data-direction=\"bottom\" style=\"display:none\" data-style=\"\">\n\t\t\t\t\t\t    <div class=\"cq-arrow\"><\/div>\n\t\t\t\t\t\t    <div class=\"popover-inner\"><h4 class=\"popover-title\">Pra\u00e7a dos Namorados<\/h4><div class=\"popover-content\">\n\t\t\t\t\t\t        <p><a href=\"http:\/\/mapasturon.com.br\/site\/ponto-turistico\/praca-francisco-dias-da-silva-praca-dos-namorados\/\"><img loading=\"lazy\" decoding=\"async\" class=\"alignnone wp-image-4190 size-thumbnail\" src=\"http:\/\/mapasturon.com.br\/site\/wp-content\/uploads\/2020\/08\/Pra%C3%A7a-Francisco-Dias-da-Silva-%E2%80%93-Pra%C3%A7a-dos-Namorados-01-450x450.jpg\" alt=\"\" width=\"250\" height=\"167\" \/><\/a><\/p>\n\t\t\t\t\t\t      <\/div>\n\t\t\t\t\t\t    <\/div>\n\t\t\t\t\t\t  <\/div><a href=\"#\" class=\"info-icon cq-hotspot-custom-icon\" data-top=\"446\" data-left=\"476\" data-link=\"\" data-target=\"_self\" style=\"display:none;top:-1000px;\"><span class=\"cq-hotspot-label\" style=\"\"><\/span><\/a><div class=\"info-icon-pulse info-icon-pulse1\"><\/div><div class=\"popover bottom\" data-easein=\"cardInTop\" data-easeout=\"cardOutTop\" data-width=\"\" data-top=\"458\" data-left=\"566\" data-direction=\"bottom\" style=\"display:none\" data-style=\"\">\n\t\t\t\t\t\t    <div class=\"cq-arrow\"><\/div>\n\t\t\t\t\t\t    <div class=\"popover-inner\"><h4 class=\"popover-title\">Templo Enkoji<\/h4><div class=\"popover-content\">\n\t\t\t\t\t\t        <p><a href=\"http:\/\/mapasturon.com.br\/site\/ponto-turistico\/templo-enkoji\/\"><img loading=\"lazy\" decoding=\"async\" class=\"alignnone wp-image-4190 size-thumbnail\" src=\"http:\/\/mapasturon.com.br\/site\/wp-content\/uploads\/2020\/08\/Templo-Enkoji03-450x450.jpg\" alt=\"\" width=\"250\" height=\"167\" \/><\/a><\/p>\n\t\t\t\t\t\t      <\/div>\n\t\t\t\t\t\t    <\/div>\n\t\t\t\t\t\t  <\/div><a href=\"#\" class=\"info-icon cq-hotspot-custom-icon\" data-top=\"458\" data-left=\"566\" data-link=\"\" data-target=\"_self\" style=\"display:none;top:-1000px;\"><span class=\"cq-hotspot-label\" style=\"\"><\/span><\/a><div class=\"info-icon-pulse info-icon-pulse1\"><\/div><div class=\"popover bottom\" data-easein=\"cardInTop\" data-easeout=\"cardOutTop\" data-width=\"\" data-top=\"291\" data-left=\"503\" data-direction=\"bottom\" style=\"display:none\" data-style=\"\">\n\t\t\t\t\t\t    <div class=\"cq-arrow\"><\/div>\n\t\t\t\t\t\t    <div class=\"popover-inner\"><h4 class=\"popover-title\">Itapecerica Shopping<\/h4><div class=\"popover-content\">\n\t\t\t\t\t\t        <p><a href=\"http:\/\/mapasturon.com.br\/site\/ponto-turistico\/itapecerica-shopping\/\"><img loading=\"lazy\" decoding=\"async\" class=\"alignnone wp-image-4190 size-thumbnail\" src=\"http:\/\/mapasturon.com.br\/site\/wp-content\/uploads\/2020\/08\/Itapecerica-Shopping03-300x215.jpg\" alt=\"\" width=\"250\" height=\"167\" \/><\/a><\/p>\n\t\t\t\t\t\t      <\/div>\n\t\t\t\t\t\t    <\/div>\n\t\t\t\t\t\t  <\/div><a href=\"#\" class=\"info-icon cq-hotspot-custom-icon\" data-top=\"291\" data-left=\"503\" data-link=\"\" data-target=\"_self\" style=\"display:none;top:-1000px;\"><span class=\"cq-hotspot-label\" style=\"\"><\/span><\/a><div class=\"info-icon-pulse info-icon-pulse1\"><\/div><div class=\"popover top\" data-easein=\"cardInTop\" data-easeout=\"cardOutTop\" data-width=\"\" data-top=\"458\" data-left=\"839\" data-direction=\"top\" style=\"display:none\" data-style=\"\">\n\t\t\t\t\t\t    <div class=\"cq-arrow\"><\/div>\n\t\t\t\t\t\t    <div class=\"popover-inner\"><h4 class=\"popover-title\">Parque da Lagoa<\/h4><div class=\"popover-content\">\n\t\t\t\t\t\t        <p><a href=\"http:\/\/mapasturon.com.br\/site\/ponto-turistico\/parque-da-lagoa\/\"><img loading=\"lazy\" decoding=\"async\" class=\"alignnone wp-image-4190 size-thumbnail\" src=\"http:\/\/mapasturon.com.br\/site\/wp-content\/uploads\/2020\/08\/Parque-da-lagoa-04-450x450.jpg\" alt=\"\" width=\"250\" height=\"167\" \/><\/a><\/p>\n\t\t\t\t\t\t      <\/div>\n\t\t\t\t\t\t    <\/div>\n\t\t\t\t\t\t  <\/div><a href=\"#\" class=\"info-icon cq-hotspot-custom-icon\" data-top=\"458\" data-left=\"839\" data-link=\"\" data-target=\"_self\" style=\"display:none;top:-1000px;\"><span class=\"cq-hotspot-label\" style=\"\"><\/span><\/a><div class=\"info-icon-pulse info-icon-pulse1\"><\/div><div class=\"popover top\" data-easein=\"cardInTop\" data-easeout=\"cardOutTop\" data-width=\"\" data-top=\"404\" data-left=\"281\" data-direction=\"top\" style=\"display:none\" data-style=\"\">\n\t\t\t\t\t\t    <div class=\"cq-arrow\"><\/div>\n\t\t\t\t\t\t    <div class=\"popover-inner\"><h4 class=\"popover-title\">Mallet Golf<\/h4><div class=\"popover-content\">\n\t\t\t\t\t\t        <p><a href=\"http:\/\/mapasturon.com.br\/site\/ponto-turistico\/mallet-golf\/\"><img loading=\"lazy\" decoding=\"async\" class=\"alignnone wp-image-4190 size-thumbnail\" src=\"http:\/\/mapasturon.com.br\/site\/wp-content\/uploads\/2020\/08\/Mallet-Golf-07-450x450.jpg\" alt=\"\" width=\"250\" height=\"167\" \/><\/a><\/p>\n\t\t\t\t\t\t      <\/div>\n\t\t\t\t\t\t    <\/div>\n\t\t\t\t\t\t  <\/div><a href=\"#\" class=\"info-icon cq-hotspot-custom-icon\" data-top=\"404\" data-left=\"281\" data-link=\"\" data-target=\"_self\" style=\"display:none;top:-1000px;\"><span class=\"cq-hotspot-label\" style=\"\"><\/span><\/a><div class=\"info-icon-pulse info-icon-pulse1\"><\/div><div class=\"popover top\" data-easein=\"cardInTop\" data-easeout=\"cardOutTop\" data-width=\"\" data-top=\"460\" data-left=\"188\" data-direction=\"top\" style=\"display:none\" data-style=\"\">\n\t\t\t\t\t\t    <div class=\"cq-arrow\"><\/div>\n\t\t\t\t\t\t    <div class=\"popover-inner\"><h4 class=\"popover-title\">Off Road \u2013 Trilha do Verde<\/h4><div class=\"popover-content\">\n\t\t\t\t\t\t        <p><a href=\"http:\/\/mapasturon.com.br\/site\/ponto-turistico\/off-road-trilha-do-verde\/\"><img loading=\"lazy\" decoding=\"async\" class=\"alignnone wp-image-4190 size-thumbnail\" src=\"http:\/\/mapasturon.com.br\/site\/wp-content\/uploads\/2020\/08\/Off-Road-Trilha-do-Verde.04-450x450.jpg\" alt=\"\" width=\"250\" height=\"167\" \/><\/a><\/p>\n\t\t\t\t\t\t      <\/div>\n\t\t\t\t\t\t    <\/div>\n\t\t\t\t\t\t  <\/div><a href=\"#\" class=\"info-icon cq-hotspot-custom-icon\" data-top=\"460\" data-left=\"188\" data-link=\"\" data-target=\"_self\" style=\"display:none;top:-1000px;\"><span class=\"cq-hotspot-label\" style=\"\"><\/span><\/a><div class=\"info-icon-pulse info-icon-pulse1\"><\/div><div class=\"popover bottom\" data-easein=\"cardInTop\" data-easeout=\"cardOutTop\" data-width=\"\" data-top=\"186\" data-left=\"330\" data-direction=\"bottom\" style=\"display:none\" data-style=\"\">\n\t\t\t\t\t\t    <div class=\"cq-arrow\"><\/div>\n\t\t\t\t\t\t    <div class=\"popover-inner\"><h4 class=\"popover-title\">Convento Maria Imaculada (EMA\u00daS)<\/h4><div class=\"popover-content\">\n\t\t\t\t\t\t        <p><a href=\"http:\/\/mapasturon.com.br\/site\/ponto-turistico\/convento-maria-imaculada-emaus\/\"><img loading=\"lazy\" decoding=\"async\" class=\"alignnone wp-image-4190 size-thumbnail\" src=\"http:\/\/mapasturon.com.br\/site\/wp-content\/uploads\/2020\/08\/Convento-Maria-Imaculada2-450x450.jpg\" alt=\"\" width=\"250\" height=\"167\" \/><\/a><\/p>\n\t\t\t\t\t\t      <\/div>\n\t\t\t\t\t\t    <\/div>\n\t\t\t\t\t\t  <\/div><a href=\"#\" class=\"info-icon cq-hotspot-custom-icon\" data-top=\"186\" data-left=\"330\" data-link=\"\" data-target=\"_self\" style=\"display:none;top:-1000px;\"><span class=\"cq-hotspot-label\" style=\"\"><\/span><\/a><div class=\"info-icon-pulse info-icon-pulse1\"><\/div><div class=\"popover top\" data-easein=\"cardInTop\" data-easeout=\"cardOutTop\" data-width=\"\" data-top=\"264\" data-left=\"315\" data-direction=\"top\" style=\"display:none\" data-style=\"\">\n\t\t\t\t\t\t    <div class=\"cq-arrow\"><\/div>\n\t\t\t\t\t\t    <div class=\"popover-inner\"><h4 class=\"popover-title\">Mosteiro de S\u00e3o Geraldo \u2013 Cela S\u00e3o Jos\u00e9<\/h4><div class=\"popover-content\">\n\t\t\t\t\t\t        <p><a href=\"http:\/\/mapasturon.com.br\/site\/ponto-turistico\/mosteiro-de-sao-geraldo-cela-sao-jose\/\"><img loading=\"lazy\" decoding=\"async\" class=\"alignnone wp-image-4190 size-thumbnail\" src=\"http:\/\/mapasturon.com.br\/site\/wp-content\/uploads\/2020\/08\/Mosteiro-de-S%C3%A3o-Geraldo-%E2%80%93-Cela-S%C3%A3o-Jos%C3%A9-450x450.jpg\" alt=\"\" width=\"250\" height=\"167\" \/><\/a><\/p>\n\t\t\t\t\t\t      <\/div>\n\t\t\t\t\t\t    <\/div>\n\t\t\t\t\t\t  <\/div><a href=\"#\" class=\"info-icon cq-hotspot-custom-icon\" data-top=\"264\" data-left=\"315\" data-link=\"\" data-target=\"_self\" style=\"display:none;top:-1000px;\"><span class=\"cq-hotspot-label\" style=\"\"><\/span><\/a><div class=\"info-icon-pulse info-icon-pulse1\"><\/div><div class=\"popover bottom\" data-easein=\"cardInTop\" data-easeout=\"cardOutTop\" data-width=\"\" data-top=\"254\" data-left=\"385\" data-direction=\"bottom\" style=\"display:none\" data-style=\"\">\n\t\t\t\t\t\t    <div class=\"cq-arrow\"><\/div>\n\t\t\t\t\t\t    <div class=\"popover-inner\"><h4 class=\"popover-title\">Mosteiro Nossa Senhora da Paz<\/h4><div class=\"popover-content\">\n\t\t\t\t\t\t        <p><a href=\"http:\/\/mapasturon.com.br\/site\/ponto-turistico\/mosteiro-nossa-senhora-da-paz\/\"><img loading=\"lazy\" decoding=\"async\" class=\"alignnone wp-image-4190 size-thumbnail\" src=\"http:\/\/mapasturon.com.br\/site\/wp-content\/uploads\/2020\/08\/04-450x450.jpg\" alt=\"\" width=\"250\" height=\"167\" \/><\/a><\/p>\n\t\t\t\t\t\t      <\/div>\n\t\t\t\t\t\t    <\/div>\n\t\t\t\t\t\t  <\/div><a href=\"#\" class=\"info-icon cq-hotspot-custom-icon\" data-top=\"254\" data-left=\"385\" data-link=\"\" data-target=\"_self\" style=\"display:none;top:-1000px;\"><span class=\"cq-hotspot-label\" style=\"\"><\/span><\/a><div class=\"info-icon-pulse info-icon-pulse1\"><\/div><div class=\"popover bottom\" data-easein=\"cardInTop\" data-easeout=\"cardOutTop\" data-width=\"\" data-top=\"475\" data-left=\"645\" data-direction=\"bottom\" style=\"display:none\" data-style=\"\">\n\t\t\t\t\t\t    <div class=\"cq-arrow\"><\/div>\n\t\t\t\t\t\t    <div class=\"popover-inner\"><h4 class=\"popover-title\">Parque do Povo<\/h4><div class=\"popover-content\">\n\t\t\t\t\t\t        <p><a href=\"http:\/\/mapasturon.com.br\/site\/ponto-turistico\/parque-do-povo-roberto-nasraui\/\"><img loading=\"lazy\" decoding=\"async\" class=\"alignnone wp-image-4190 size-thumbnail\" src=\"http:\/\/mapasturon.com.br\/site\/wp-content\/uploads\/2020\/08\/Parque-do-Povo-Roberto-Nasraui-3.jpg\" alt=\"\" width=\"250\" height=\"167\" \/><\/a><\/p>\n\t\t\t\t\t\t      <\/div>\n\t\t\t\t\t\t    <\/div>\n\t\t\t\t\t\t  <\/div><a href=\"#\" class=\"info-icon cq-hotspot-custom-icon\" data-top=\"475\" data-left=\"645\" data-link=\"\" data-target=\"_self\" style=\"display:none;top:-1000px;\"><span class=\"cq-hotspot-label\" style=\"\"><\/span><\/a><div class=\"info-icon-pulse info-icon-pulse1\"><\/div><div class=\"popover bottom\" data-easein=\"cardInTop\" data-easeout=\"cardOutTop\" data-width=\"\" data-top=\"421\" data-left=\"541\" data-direction=\"bottom\" style=\"display:none\" data-style=\"\">\n\t\t\t\t\t\t    <div class=\"cq-arrow\"><\/div>\n\t\t\t\t\t\t    <div class=\"popover-inner\"><h4 class=\"popover-title\">CAT<\/h4><div class=\"popover-content\">\n\t\t\t\t\t\t        <p><a href=\"http:\/\/mapasturon.com.br\/site\/ponto-turistico\/cat-centro-de-atendimento-ao-turista-e-ao-empreendedor-de-turismo\/\"><img loading=\"lazy\" decoding=\"async\" class=\"alignnone wp-image-4190 size-thumbnail\" src=\"http:\/\/mapasturon.com.br\/site\/wp-content\/uploads\/2020\/08\/cat-450x450.jpg\" alt=\"\" width=\"250\" height=\"167\" \/><\/a><\/p>\n\t\t\t\t\t\t      <\/div>\n\t\t\t\t\t\t    <\/div>\n\t\t\t\t\t\t  <\/div><a href=\"#\" class=\"info-icon cq-hotspot-custom-icon\" data-top=\"421\" data-left=\"541\" data-link=\"\" data-target=\"_self\" style=\"display:none;top:-1000px;\"><span class=\"cq-hotspot-label\" style=\"\"><\/span><\/a><div class=\"info-icon-pulse info-icon-pulse1\"><\/div><div class=\"popover top\" data-easein=\"cardInTop\" data-easeout=\"cardOutTop\" data-width=\"\" data-top=\"380\" data-left=\"432\" data-direction=\"top\" style=\"display:none\" data-style=\"\">\n\t\t\t\t\t\t    <div class=\"cq-arrow\"><\/div>\n\t\t\t\t\t\t    <div class=\"popover-inner\"><h4 class=\"popover-title\">Parque Ecol\u00f3gico da Represinha<\/h4><div class=\"popover-content\">\n\t\t\t\t\t\t        <p><a href=\"http:\/\/mapasturon.com.br\/site\/ponto-turistico\/parque-ecologico-da-represinha\/\"><img loading=\"lazy\" decoding=\"async\" class=\"alignnone wp-image-4190 size-thumbnail\" src=\"http:\/\/mapasturon.com.br\/site\/wp-content\/uploads\/2020\/08\/Parque-Ecol%C3%B3gico-da-Represinha-450x450.jpg\" alt=\"\" width=\"250\" height=\"167\" \/><\/a><\/p>\n\t\t\t\t\t\t      <\/div>\n\t\t\t\t\t\t    <\/div>\n\t\t\t\t\t\t  <\/div><a href=\"#\" class=\"info-icon cq-hotspot-custom-icon\" data-top=\"380\" data-left=\"432\" data-link=\"\" data-target=\"_self\" style=\"display:none;top:-1000px;\"><span class=\"cq-hotspot-label\" style=\"\"><\/span><\/a><div class=\"info-icon-pulse info-icon-pulse1\"><\/div><div class=\"popover top\" data-easein=\"cardInTop\" data-easeout=\"cardOutTop\" data-width=\"\" data-top=\"416\" data-left=\"695\" data-direction=\"top\" style=\"display:none\" data-style=\"\">\n\t\t\t\t\t\t    <div class=\"cq-arrow\"><\/div>\n\t\t\t\t\t\t    <div class=\"popover-inner\"><h4 class=\"popover-title\">Gin\u00e1sio de Esportes<\/h4><div class=\"popover-content\">\n\t\t\t\t\t\t        <p><a href=\"http:\/\/mapasturon.com.br\/site\/ponto-turistico\/ginasio-de-esportes\/\"><img loading=\"lazy\" decoding=\"async\" class=\"alignnone wp-image-4190 size-thumbnail\" src=\"http:\/\/mapasturon.com.br\/site\/wp-content\/uploads\/2020\/08\/Ginasio-450x450.jpg\" alt=\"\" width=\"250\" height=\"167\" \/><\/a><\/p>\n\t\t\t\t\t\t      <\/div>\n\t\t\t\t\t\t    <\/div>\n\t\t\t\t\t\t  <\/div><a href=\"#\" class=\"info-icon cq-hotspot-custom-icon\" data-top=\"416\" data-left=\"695\" data-link=\"\" data-target=\"_self\" style=\"display:none;top:-1000px;\"><span class=\"cq-hotspot-label\" style=\"\"><\/span><\/a><div class=\"info-icon-pulse info-icon-pulse1\"><\/div><div class=\"popover bottom\" data-easein=\"cardInTop\" data-easeout=\"cardOutTop\" data-width=\"\" data-top=\"506\" data-left=\"479\" data-direction=\"bottom\" style=\"display:none\" data-style=\"\">\n\t\t\t\t\t\t    <div class=\"cq-arrow\"><\/div>\n\t\t\t\t\t\t    <div class=\"popover-inner\"><h4 class=\"popover-title\">Templo Kinkaku-ji<\/h4><div class=\"popover-content\">\n\t\t\t\t\t\t        <p><a href=\"http:\/\/mapasturon.com.br\/site\/ponto-turistico\/templo-kinkaku-ji\/\"><img loading=\"lazy\" decoding=\"async\" class=\"alignnone wp-image-4190 size-thumbnail\" src=\"http:\/\/mapasturon.com.br\/site\/wp-content\/uploads\/2020\/08\/Templo-Kinkaku-ji3-450x450.jpg\" alt=\"\" width=\"250\" height=\"167\" \/><\/a><\/p>\n\t\t\t\t\t\t      <\/div>\n\t\t\t\t\t\t    <\/div>\n\t\t\t\t\t\t  <\/div><a href=\"#\" class=\"info-icon cq-hotspot-custom-icon\" data-top=\"506\" data-left=\"479\" data-link=\"\" data-target=\"_self\" style=\"display:none;top:-1000px;\"><span class=\"cq-hotspot-label\" style=\"\"><\/span><\/a><div class=\"info-icon-pulse info-icon-pulse1\"><\/div><div class=\"popover bottom\" data-easein=\"cardInTop\" data-easeout=\"cardOutTop\" data-width=\"\" data-top=\"347\" data-left=\"534\" data-direction=\"bottom\" style=\"display:none\" data-style=\"\">\n\t\t\t\t\t\t    <div class=\"cq-arrow\"><\/div>\n\t\t\t\t\t\t    <div class=\"popover-inner\"><h4 class=\"popover-title\">Santu\u00e1rio Nossa Senhora dos Prazeres<\/h4><div class=\"popover-content\">\n\t\t\t\t\t\t        <p><a href=\"http:\/\/mapasturon.com.br\/site\/ponto-turistico\/santuario-nossa-senhora-dos-prazeres\/\"><img loading=\"lazy\" decoding=\"async\" class=\"alignnone wp-image-4190 size-thumbnail\" src=\"http:\/\/mapasturon.com.br\/site\/wp-content\/uploads\/2020\/08\/Santu%C3%A1rio-Nossa-Senhora-dos-Prazeres-01-450x450.jpg\" alt=\"\" width=\"250\" height=\"167\" \/><\/a><\/p>\n\t\t\t\t\t\t      <\/div>\n\t\t\t\t\t\t    <\/div>\n\t\t\t\t\t\t  <\/div><a href=\"#\" class=\"info-icon cq-hotspot-custom-icon\" data-top=\"347\" data-left=\"534\" data-link=\"\" data-target=\"_self\" style=\"display:none;top:-1000px;\"><span class=\"cq-hotspot-label\" style=\"\"><\/span><\/a><div class=\"info-icon-pulse info-icon-pulse1\"><\/div><img decoding=\"async\" src=\"http:\/\/mapasturon.com.br\/site\/wp-content\/uploads\/2018\/05\/frente-1080-6.jpg\" class=\"popover-image\"  \/><\/div><\/p>\n<\/div><\/section>\n<div  data-size='featured'  data-lightbox_size='large'  data-animation='slide_up'  data-ids='5303,5308,5297,5286,5280,5272,5249'  data-video_counter='0'  data-autoplay='true'  data-bg_slider='false'  data-slide_height=''  data-handle='av_slideshow'  data-interval='5'  data-class='  '  data-css_id=''  data-scroll_down=''  data-control_layout='av-control-default'  data-custom_markup=''  data-perma_caption='aviaTBperma_caption'  data-autoplay_stopper=''  data-image_attachment=''  data-min_height='0px'  data-default-height='28.666666666667'  class='avia-slideshow avia-slideshow-1  av-control-default av-default-height-applied avia-slideshow-featured av_slideshow    avia-slide_up-slider '  itemprop=\"ImageObject\" itemscope=\"itemscope\" itemtype=\"https:\/\/schema.org\/ImageObject\" ><ul class='avia-slideshow-inner' style='padding-bottom: 41.747572815534%;'><li  class=' slide-1 ' ><div data-rel='slideshow-1' class='avia-slide-wrap'  ><img src='http:\/\/mapasturon.com.br\/site\/wp-content\/uploads\/2020\/08\/Off-Road-Trilha-do-Verde.03-1030x430.jpg' width='1030' height='430' title='Off Road - Trilha do Verde.03' alt=''  itemprop=\"thumbnailUrl\"   \/><\/div><\/li><li  class=' slide-2 ' ><div data-rel='slideshow-1' class='avia-slide-wrap'  ><img src='http:\/\/mapasturon.com.br\/site\/wp-content\/uploads\/2020\/08\/Mallet-Golf-01-828x430.jpg' width='828' height='430' title='Mallet Golf-01' alt=''  itemprop=\"thumbnailUrl\"   \/><\/div><\/li><li  class=' slide-3 ' ><div data-rel='slideshow-1' class='avia-slide-wrap'  ><img src='http:\/\/mapasturon.com.br\/site\/wp-content\/uploads\/2020\/08\/Convento-Maria-Imaculada8-833x430.jpg' width='833' height='430' title='Convento Maria Imaculada8' alt=''  itemprop=\"thumbnailUrl\"   \/><\/div><\/li><li  class=' slide-4 ' ><div data-rel='slideshow-1' class='avia-slide-wrap'  ><img src='http:\/\/mapasturon.com.br\/site\/wp-content\/uploads\/2020\/08\/Mosteiro-de-S\u00e3o-Geraldo-\u2013-Cela-S\u00e3o-Jos\u00e97-975x430.jpg' width='975' height='430' title='Mosteiro de S\u00e3o Geraldo \u2013 Cela S\u00e3o Jos\u00e97' alt=''  itemprop=\"thumbnailUrl\"   \/><\/div><\/li><li  class=' slide-5 ' ><div data-rel='slideshow-1' class='avia-slide-wrap'  ><img src='http:\/\/mapasturon.com.br\/site\/wp-content\/uploads\/2020\/08\/Mosteiro-de-S\u00e3o-Geraldo-\u2013-Cela-S\u00e3o-Jos\u00e9-1081x430.jpg' width='1081' height='430' title='Mosteiro de S\u00e3o Geraldo \u2013 Cela S\u00e3o Jos\u00e9' alt=''  itemprop=\"thumbnailUrl\"   \/><\/div><\/li><li  class=' slide-6 ' ><div data-rel='slideshow-1' class='avia-slide-wrap'  ><img src='http:\/\/mapasturon.com.br\/site\/wp-content\/uploads\/2020\/08\/04-724x430.jpg' width='724' height='430' title='04' alt=''  itemprop=\"thumbnailUrl\"   \/><\/div><\/li><li  class=' slide-7 ' ><div data-rel='slideshow-1' class='avia-slide-wrap'  ><img src='http:\/\/mapasturon.com.br\/site\/wp-content\/uploads\/2020\/08\/festa-do-pe\u00e3o-828x430.jpg' width='828' height='430' title='festa do pe\u00e3o' alt=''  itemprop=\"thumbnailUrl\"   \/><\/div><\/li><\/ul><div class='avia-slideshow-arrows avia-slideshow-controls'><a href='#prev' class='prev-slide' aria-hidden='true' data-av_icon='\ue87c' data-av_iconfont='entypo-fontello'>Anterior<\/a><a href='#next' class='next-slide' aria-hidden='true' data-av_icon='\ue87d' data-av_iconfont='entypo-fontello'>Pr\u00f3ximo<\/a><\/div><div class='avia-slideshow-dots avia-slideshow-controls'><a href='#1' class='goto-slide active' >1<\/a><a href='#2' class='goto-slide ' >2<\/a><a href='#3' class='goto-slide ' >3<\/a><a href='#4' class='goto-slide ' >4<\/a><a href='#5' class='goto-slide ' >5<\/a><a href='#6' class='goto-slide ' >6<\/a><a href='#7' class='goto-slide ' >7<\/a><\/div><div class=\"avia-caption av-slideshow-caption\"><div class=\"avia-inner-caption\"><h2  class='avia-caption-title '  itemprop=\"name\" >Itapecerica da Serra - SP<\/h2><\/div><\/div><\/div>\n","protected":false},"excerpt":{"rendered":"","protected":false},"author":1,"featured_media":0,"parent":0,"menu_order":0,"comment_status":"closed","ping_status":"closed","template":"","meta":{"footnotes":""},"class_list":["post-5028","page","type-page","status-publish","hentry"],"_links":{"self":[{"href":"http:\/\/mapasturon.com.br\/site\/wp-json\/wp\/v2\/pages\/5028","targetHints":{"allow":["GET"]}}],"collection":[{"href":"http:\/\/mapasturon.com.br\/site\/wp-json\/wp\/v2\/pages"}],"about":[{"href":"http:\/\/mapasturon.com.br\/site\/wp-json\/wp\/v2\/types\/page"}],"author":[{"embeddable":true,"href":"http:\/\/mapasturon.com.br\/site\/wp-json\/wp\/v2\/users\/1"}],"replies":[{"embeddable":true,"href":"http:\/\/mapasturon.com.br\/site\/wp-json\/wp\/v2\/comments?post=5028"}],"version-history":[{"count":32,"href":"http:\/\/mapasturon.com.br\/site\/wp-json\/wp\/v2\/pages\/5028\/revisions"}],"predecessor-version":[{"id":5613,"href":"http:\/\/mapasturon.com.br\/site\/wp-json\/wp\/v2\/pages\/5028\/revisions\/5613"}],"wp:attachment":[{"href":"http:\/\/mapasturon.com.br\/site\/wp-json\/wp\/v2\/media?parent=5028"}],"curies":[{"name":"wp","href":"https:\/\/api.w.org\/{rel}","templated":true}]}}